{"id":32,"date":"2012-12-10T15:21:32","date_gmt":"2012-12-10T14:21:32","guid":{"rendered":"http:\/\/www.broloten.se\/?page_id=32"},"modified":"2022-09-12T16:45:11","modified_gmt":"2022-09-12T15:45:11","slug":"konferenser","status":"publish","type":"page","link":"http:\/\/broloten.se\/?page_id=32","title":{"rendered":"Konferenser"},"content":{"rendered":"\n<p class=\"has-text-align-left\"><em><strong>Kick off eller konferens?<\/strong> Vi hj\u00e4lper dig att sy ihop ett paket som passar just er.<\/em><\/p>\n\n\n\n<p class=\"has-text-align-left\"><strong>Konferensen<br><\/strong><span style=\"font-size: inherit;\">I en ljus och trivsam milj\u00f6 h\u00e5ller Ni m\u00f6tet eller konferensen.<br><\/span><span style=\"font-size: inherit;\">Lokalerna \u00e4r v\u00e4l&nbsp;anpassade f\u00f6r att m\u00f6ta de flesta \u00f6nskem\u00e5l och behov.<\/span><\/p>\n\n\n<div class=\"wp-block-image\">\n<figure class=\"aligncenter\"><img loading=\"lazy\" decoding=\"async\" width=\"1200\" height=\"720\" src=\"http:\/\/broloten.se\/wp-content\/uploads\/\/2021\/06\/Namnlos-design-3.jpg\" alt=\"\" class=\"wp-image-2876\" srcset=\"http:\/\/broloten.se\/wp-content\/uploads\/2021\/06\/Namnlos-design-3.jpg 1200w, http:\/\/broloten.se\/wp-content\/uploads\/2021\/06\/Namnlos-design-3-300x180.jpg 300w, http:\/\/broloten.se\/wp-content\/uploads\/2021\/06\/Namnlos-design-3-1024x614.jpg 1024w, http:\/\/broloten.se\/wp-content\/uploads\/2021\/06\/Namnlos-design-3-768x461.jpg 768w, http:\/\/broloten.se\/wp-content\/uploads\/2021\/06\/Namnlos-design-3-500x300.jpg 500w\" sizes=\"auto, (max-width: 1200px) 100vw, 1200px\" \/><\/figure>\n<\/div>\n\n\n<figure class=\"wp-block-gallery has-nested-images columns-default is-cropped wp-block-gallery-1 is-layout-flex wp-block-gallery-is-layout-flex\">\n<figure class=\"wp-block-image size-large\"><img loading=\"lazy\" decoding=\"async\" width=\"1024\" height=\"681\" data-id=\"3348\" src=\"http:\/\/broloten.se\/wp-content\/uploads\/\/2022\/09\/konferens_3-1024x681.jpg\" alt=\"\" class=\"wp-image-3348\" srcset=\"http:\/\/broloten.se\/wp-content\/uploads\/2022\/09\/konferens_3-1024x681.jpg 1024w, http:\/\/broloten.se\/wp-content\/uploads\/2022\/09\/konferens_3-300x200.jpg 300w, http:\/\/broloten.se\/wp-content\/uploads\/2022\/09\/konferens_3-768x511.jpg 768w, http:\/\/broloten.se\/wp-content\/uploads\/2022\/09\/konferens_3-1536x1022.jpg 1536w, http:\/\/broloten.se\/wp-content\/uploads\/2022\/09\/konferens_3-2048x1363.jpg 2048w\" sizes=\"auto, (max-width: 1024px) 100vw, 1024px\" \/><figcaption>Konferenslokal<\/figcaption><\/figure>\n\n\n\n<figure class=\"wp-block-image size-large\"><img loading=\"lazy\" decoding=\"async\" width=\"1024\" height=\"614\" data-id=\"2887\" src=\"http:\/\/broloten.se\/wp-content\/uploads\/\/2021\/06\/Namnlos-design-7-1024x614.jpg\" alt=\"\" class=\"wp-image-2887\" srcset=\"http:\/\/broloten.se\/wp-content\/uploads\/2021\/06\/Namnlos-design-7-1024x614.jpg 1024w, http:\/\/broloten.se\/wp-content\/uploads\/2021\/06\/Namnlos-design-7-300x180.jpg 300w, http:\/\/broloten.se\/wp-content\/uploads\/2021\/06\/Namnlos-design-7-768x461.jpg 768w, http:\/\/broloten.se\/wp-content\/uploads\/2021\/06\/Namnlos-design-7-500x300.jpg 500w, http:\/\/broloten.se\/wp-content\/uploads\/2021\/06\/Namnlos-design-7.jpg 1200w\" sizes=\"auto, (max-width: 1024px) 100vw, 1024px\" \/><figcaption>Uteplats med grill<\/figcaption><\/figure>\n\n\n\n<figure class=\"wp-block-image size-large\"><img loading=\"lazy\" decoding=\"async\" width=\"1024\" height=\"681\" data-id=\"3344\" src=\"http:\/\/broloten.se\/wp-content\/uploads\/\/2022\/09\/spa-1024x681.jpg\" alt=\"\" class=\"wp-image-3344\" srcset=\"http:\/\/broloten.se\/wp-content\/uploads\/2022\/09\/spa-1024x681.jpg 1024w, http:\/\/broloten.se\/wp-content\/uploads\/2022\/09\/spa-300x200.jpg 300w, http:\/\/broloten.se\/wp-content\/uploads\/2022\/09\/spa-768x511.jpg 768w, http:\/\/broloten.se\/wp-content\/uploads\/2022\/09\/spa-1536x1022.jpg 1536w, http:\/\/broloten.se\/wp-content\/uploads\/2022\/09\/spa-2048x1363.jpg 2048w\" sizes=\"auto, (max-width: 1024px) 100vw, 1024px\" \/><figcaption>Spabad inomhus<\/figcaption><\/figure>\n\n\n\n<figure class=\"wp-block-image size-large\"><img loading=\"lazy\" decoding=\"async\" width=\"2560\" height=\"1703\" data-id=\"3368\" src=\"http:\/\/broloten.se\/wp-content\/uploads\/\/2022\/09\/Anlaggning-baven-scaled.jpg\" alt=\"\" class=\"wp-image-3368\" srcset=\"http:\/\/broloten.se\/wp-content\/uploads\/2022\/09\/Anlaggning-baven-scaled.jpg 2560w, http:\/\/broloten.se\/wp-content\/uploads\/2022\/09\/Anlaggning-baven-300x200.jpg 300w, http:\/\/broloten.se\/wp-content\/uploads\/2022\/09\/Anlaggning-baven-1024x681.jpg 1024w, http:\/\/broloten.se\/wp-content\/uploads\/2022\/09\/Anlaggning-baven-768x511.jpg 768w, http:\/\/broloten.se\/wp-content\/uploads\/2022\/09\/Anlaggning-baven-1536x1022.jpg 1536w, http:\/\/broloten.se\/wp-content\/uploads\/2022\/09\/Anlaggning-baven-2048x1363.jpg 2048w\" sizes=\"auto, (max-width: 2560px) 100vw, 2560px\" \/><figcaption>B\u00e5ven <\/figcaption><\/figure>\n\n\n\n<figure class=\"wp-block-image size-large\"><img loading=\"lazy\" decoding=\"async\" width=\"2560\" height=\"1703\" data-id=\"3349\" src=\"http:\/\/broloten.se\/wp-content\/uploads\/\/2022\/09\/konferens-scaled.jpg\" alt=\"\" class=\"wp-image-3349\" srcset=\"http:\/\/broloten.se\/wp-content\/uploads\/2022\/09\/konferens-scaled.jpg 2560w, http:\/\/broloten.se\/wp-content\/uploads\/2022\/09\/konferens-300x200.jpg 300w, http:\/\/broloten.se\/wp-content\/uploads\/2022\/09\/konferens-1024x681.jpg 1024w, http:\/\/broloten.se\/wp-content\/uploads\/2022\/09\/konferens-768x511.jpg 768w, http:\/\/broloten.se\/wp-content\/uploads\/2022\/09\/konferens-1536x1022.jpg 1536w, http:\/\/broloten.se\/wp-content\/uploads\/2022\/09\/konferens-2048x1363.jpg 2048w\" sizes=\"auto, (max-width: 2560px) 100vw, 2560px\" \/><figcaption>Del i konferensen<\/figcaption><\/figure>\n<\/figure>\n\n\n\n<p class=\"has-text-align-left\"><br><strong>Aktiviteter<br><\/strong>Det som \u00e4r utm\u00e4rkande f\u00f6r en konferens, kick-off eller en fest, p\u00e5 Brol\u00f6ten \u00e4r att ni \u00e4r helt ensamma p\u00e5 anl\u00e4ggningen och att konferensen ofta kombineras med n\u00e5gon form av aktivitet som \u00e4r ett utm\u00e4rkt s\u00e4tt att l\u00e4ra k\u00e4nna varandra b\u00e4ttre!<\/p>\n\n\n\n<p class=\"has-text-align-left\">Kanske uppt\u00e4cker du en ny sida hos din kollega &#8211; eller hos dig sj\u00e4lv?<\/p>\n\n\n\n<p class=\"has-text-align-left\">Hittar du inte den aktivitet som intresserar dig?<br>H\u00f6r av dig till oss, det mesta g\u00e5r att ordna.<\/p>\n\n\n\n<h2 class=\"has-medium-font-size wp-block-heading\">Utvalda aktiviteter <\/h2>\n\n\n\n<div class=\"wp-block-columns is-layout-flex wp-container-core-columns-is-layout-9d6595d7 wp-block-columns-is-layout-flex\">\n<div class=\"wp-block-column is-layout-flow wp-block-column-is-layout-flow\" style=\"flex-basis:100%\">\n<ul class=\"wp-block-list\"><li><strong>MASSAGE<\/strong> &#8211; 30 min massage av massageterapeut Malin Nilervall. Kontakta oss f\u00f6r bokning senast 14 dagar innan er vistelse p\u00e5 Brol\u00f6ten. (Minst 3 intresserade)<\/li><li><strong>EGEN BADBRYGGA<\/strong> &#8211; Vid anl\u00e4ggningen finns en egen badplats med brygga.<\/li><li><strong>KR\u00c4FTFISKE<\/strong> &#8211; I sj\u00f6n B\u00e5ven. En fantastisk naturupplevelse att f\u00e5 ta upp sina \u201degna\u201d kr\u00e4ftor, och sedan avnjuta till en b\u00e4ttre middag.<\/li><li><strong>RIDNING<\/strong> &#8211; B\u00e5de f\u00f6r nyb\u00f6rjare eller erfaren ryttare. L\u00e4r av riktiga proffs p\u00e5 Brol\u00f6ten, ridning f\u00f6r dig som vill prova p\u00e5, upp till avancerad dressyr p\u00e5 h\u00f6gsta niv\u00e5.<\/li><li><strong>LERDUVESKYTTE<\/strong> &#8211; Sp\u00e4nnande och inte s\u00e5 l\u00e4tt som man tror. Kul f\u00f6r alla och bra tr\u00e4ning f\u00f6r de som jagar. Elektriskt utkastare och belyst banan.<\/li><li><strong>GOLF<\/strong> &#8211; Det finns flera trevliga banor omkring oss. Grytsberg och Flen \u00e4r n\u00e5gra av dem. Vi bokar och ordnar mats\u00e4ck till ett sk\u00f6nt avbrott p\u00e5 golfbanan.<\/li><li><strong>JAKT<\/strong> &#8211; N\u00e5got av det b\u00e4sta p\u00e5 Brol\u00f6ten. I S\u00f6rmlands vackra ekskogar finns all sorts jakt.<\/li><li><strong>B\u00c5GSKYTTE<\/strong>&nbsp; &#8211; I Ridhuset. Riktig pilb\u00e5ge skjuts mot b\u00e5gskyttetavla. N\u00e4rmast vinner.<\/li><li><strong>FISKE<\/strong> &#8211; Sommar som vinter. P\u00e5 vintern pimplar vi och avnjuter kaffe med hembakat p\u00e5 isen och sommaren anv\u00e4nder vi v\u00e5r privata brygga i solnedg\u00e5ngen. <\/li><li><strong>4 HJULING<\/strong> &#8211; Finns i olika storlekar. K\u00f6rs p\u00e5 teknik bana, dag som natt och i alla v\u00e4der. Upplyst bana f\u00f6r alla \u00e5rstider.<\/li><li><strong>KOCKDUELL<\/strong> &#8211; En av v\u00e5ra mest uppskattade aktiviteter. En kock guidar lagen till matlagning av v\u00e4rldsklass.<\/li><li><strong>KANOTTURER<\/strong> &#8211; Paddling p\u00e5 B\u00e5ven \u00e4r en m\u00e4ktig naturupplevelse. Milj\u00f6n erbjuder s\u00e5v\u00e4l \u00f6ppna vatten som sm\u00e5 trolska kanaler. Landskapet omkring v\u00e4xlar mellan t\u00e4t skog \u00e4nda ner till vattnet och karga klippor vilket ger B\u00e5ven karakt\u00e4r av vildmarkssj\u00f6. Sj\u00f6n, som inte har mindre \u00e4n 30 kanotleder, \u00e4r dessutom k\u00e4nde f\u00f6r sitt aktiva djurliv &#8211; inte minst f\u00f6r sina m\u00e5nga fiskljusar.<\/li><li><strong>WALKIE TALKIE TRAIL <\/strong>&#8211; Denna aktivitet g\u00e5r ut p\u00e5 att grupperna leder varandra mot ett m\u00e5l med hj\u00e4lp av en avancerad orientering d\u00e4r kommunikation med hj\u00e4lp av walkie-talkies \u00e4r avg\u00f6rande f\u00f6r hur gruppen lyckas. Kul och lite klurig aktivitet, bra f\u00f6r teambuilding!<\/li><\/ul>\n<\/div>\n<\/div>\n","protected":false},"excerpt":{"rendered":"<p>Kick off eller konferens? Vi hj\u00e4lper dig att sy ihop ett paket som passar just er. KonferensenI en ljus och trivsam milj\u00f6 h\u00e5ller Ni m\u00f6tet eller konferensen.Lokalerna \u00e4r v\u00e4l&nbsp;anpassade f\u00f6r att m\u00f6ta de flesta \u00f6nskem\u00e5l och behov. AktiviteterDet som \u00e4r utm\u00e4rkande f\u00f6r en konferens, kick-off eller en fest, p\u00e5 Brol\u00f6ten \u00e4r att ni \u00e4r helt ensamma p\u00e5 anl\u00e4ggningen och att konferensen ofta kombineras med n\u00e5gon form av aktivitet som \u00e4r ett utm\u00e4rkt s\u00e4tt att l\u00e4ra k\u00e4nna varandra b\u00e4ttre! Kanske uppt\u00e4cker du en ny sida hos din kollega &#8211; eller hos dig sj\u00e4lv? Hittar du inte den aktivitet som intresserar dig?H\u00f6r av dig till oss, det mesta g\u00e5r att ordna. Utvalda aktiviteter MASSAGE &#8211; 30 min massage av massageterapeut Malin Nilervall. Kontakta oss f\u00f6r bokning senast 14 dagar innan er vistelse p\u00e5 Brol\u00f6ten. (Minst 3 intresserade) EGEN BADBRYGGA &#8211; Vid anl\u00e4ggningen finns en egen badplats med brygga. KR\u00c4FTFISKE &#8211; I sj\u00f6n&hellip;<\/p>\n<p> <a class=\"more-link\" href=\"http:\/\/broloten.se\/?page_id=32\">L\u00e4s mer<\/a><\/p>\n","protected":false},"author":1,"featured_media":3347,"parent":0,"menu_order":0,"comment_status":"closed","ping_status":"closed","template":"","meta":{"footnotes":""},"class_list":["post-32","page","type-page","status-publish","has-post-thumbnail"],"_links":{"self":[{"href":"http:\/\/broloten.se\/index.php?rest_route=\/wp\/v2\/pages\/32","targetHints":{"allow":["GET"]}}],"collection":[{"href":"http:\/\/broloten.se\/index.php?rest_route=\/wp\/v2\/pages"}],"about":[{"href":"http:\/\/broloten.se\/index.php?rest_route=\/wp\/v2\/types\/page"}],"author":[{"embeddable":true,"href":"http:\/\/broloten.se\/index.php?rest_route=\/wp\/v2\/users\/1"}],"replies":[{"embeddable":true,"href":"http:\/\/broloten.se\/index.php?rest_route=%2Fwp%2Fv2%2Fcomments&post=32"}],"version-history":[{"count":35,"href":"http:\/\/broloten.se\/index.php?rest_route=\/wp\/v2\/pages\/32\/revisions"}],"predecessor-version":[{"id":3491,"href":"http:\/\/broloten.se\/index.php?rest_route=\/wp\/v2\/pages\/32\/revisions\/3491"}],"wp:featuredmedia":[{"embeddable":true,"href":"http:\/\/broloten.se\/index.php?rest_route=\/wp\/v2\/media\/3347"}],"wp:attachment":[{"href":"http:\/\/broloten.se\/index.php?rest_route=%2Fwp%2Fv2%2Fmedia&parent=32"}],"curies":[{"name":"wp","href":"https:\/\/api.w.org\/{rel}","templated":true}]}}