{"id":3628,"date":"2023-09-12T14:25:49","date_gmt":"2023-09-12T13:25:49","guid":{"rendered":"http:\/\/broloten.se\/?page_id=3628"},"modified":"2023-09-12T15:04:33","modified_gmt":"2023-09-12T14:04:33","slug":"miniweekend","status":"publish","type":"page","link":"http:\/\/broloten.se\/?page_id=3628","title":{"rendered":"Miniweekend"},"content":{"rendered":"\n<p><em><mark style=\"background-color:rgba(0, 0, 0, 0)\" class=\"has-inline-color has-black-color\"><strong>F\u00f6r dig som vill komma iv\u00e4g och utvecklas i dressyr med h\u00e4rlig omgivning och h\u00e4stv\u00e4nner.<\/strong><\/mark><\/em><\/p>\n\n\n\n<div class=\"wp-block-buttons is-content-justification-left is-layout-flex wp-container-core-buttons-is-layout-fdcfc74e wp-block-buttons-is-layout-flex\">\n<div class=\"wp-block-button\"><a class=\"wp-block-button__link has-background wp-element-button\" href=\"https:\/\/broloten.se\/?page_id=942\" style=\"background-color:#000038\">Datum<\/a><\/div>\n\n\n\n<div class=\"wp-block-button is-style-fill\"><a class=\"wp-block-button__link has-white-color has-text-color has-background wp-element-button\" href=\"http:\/\/broloten.se\/?page_id=522\" style=\"background-color:#000038\">Prislista<\/a><\/div>\n\n\n\n<div class=\"wp-block-button is-style-fill\"><a class=\"wp-block-button__link has-white-color has-text-color has-background wp-element-button\" href=\"https:\/\/www.turtle-pay.com\/\/broloten\" style=\"background-color:#000038\">Anm\u00e4l<\/a><\/div>\n\n\n\n<div class=\"wp-block-button is-style-fill\"><a class=\"wp-block-button__link has-white-color has-text-color has-background wp-element-button\" href=\"http:\/\/broloten.se\/?page_id=3630\" style=\"background-color:#000038\" target=\"_blank\" rel=\"noreferrer noopener\">Hur en kurs kan se ut<\/a><\/div>\n<\/div>\n\n\n\n<p>Nytt popul\u00e4rt koncept \u00e4r att vi erbjuder tv\u00e5dagars kurser i dressyr d\u00e4r vi f\u00f6rst och fr\u00e4mst inriktar oss f\u00f6r dig med egen h\u00e4st som vill rida privatlektion. Kanske en stallg\u00e4ng som vill \u00e5ka iv\u00e4g tillsammans, en ridklubb eller bara l\u00e4ra k\u00e4nna nya tr\u00e4ningskompisar. Att f\u00e5 komma iv\u00e4g och bara f\u00e5 fokusera p\u00e5 dig och din h\u00e4st \u00e4ta och bo bra och trimmas av Emelie Brolin. <\/p>\n\n\n\n<p>Det finns \u00e4ven ett f\u00e5tal platser om man vill l\u00e5na h\u00e4st om n\u00e5gon i gruppen inte kan ta med egen.&nbsp;<\/p>\n\n\n\n<p>Efter ridningen kan du slappna av i jacuzzin, bastun eller v\u00e5r bardel. Kurserna \u00e4r fredag-l\u00f6rdag eller l\u00f6rdag-s\u00f6ndag, det \u00e4r 30 minuters privatlektion b\u00e5de dag ett och tv\u00e5 och \u00e4ven en clinic med Emelie en av dagarna samt fika, middag, \u00f6vernattning, uppstallning och frukost. <\/p>\n\n\n\n<p>Kom iv\u00e4g och utvecklas tillsammans och inspireras av andra!<\/p>\n\n\n\n<div class=\"wp-block-group\"><div class=\"wp-block-group__inner-container is-layout-flow wp-block-group-is-layout-flow\">\n<figure class=\"wp-block-gallery has-nested-images columns-default is-cropped wp-block-gallery-1 is-layout-flex wp-block-gallery-is-layout-flex\">\n<figure class=\"wp-block-image size-large\"><img loading=\"lazy\" decoding=\"async\" width=\"1024\" height=\"683\" data-id=\"3636\" src=\"http:\/\/broloten.se\/wp-content\/uploads\/\/2023\/09\/DSC3675-1024x683.jpg\" alt=\"\" class=\"wp-image-3636\" srcset=\"http:\/\/broloten.se\/wp-content\/uploads\/2023\/09\/DSC3675-1024x683.jpg 1024w, http:\/\/broloten.se\/wp-content\/uploads\/2023\/09\/DSC3675-300x200.jpg 300w, http:\/\/broloten.se\/wp-content\/uploads\/2023\/09\/DSC3675-768x512.jpg 768w, http:\/\/broloten.se\/wp-content\/uploads\/2023\/09\/DSC3675-1536x1025.jpg 1536w, http:\/\/broloten.se\/wp-content\/uploads\/2023\/09\/DSC3675.jpg 1800w\" sizes=\"auto, (max-width: 1024px) 100vw, 1024px\" \/><figcaption class=\"wp-element-caption\">Privatlektion <\/figcaption><\/figure>\n\n\n\n<figure class=\"wp-block-image size-large\"><img loading=\"lazy\" decoding=\"async\" width=\"1703\" height=\"2560\" data-id=\"3346\" src=\"http:\/\/broloten.se\/wp-content\/uploads\/\/2022\/09\/weekend-rum--scaled.jpg\" alt=\"\" class=\"wp-image-3346\" srcset=\"http:\/\/broloten.se\/wp-content\/uploads\/2022\/09\/weekend-rum--scaled.jpg 1703w, http:\/\/broloten.se\/wp-content\/uploads\/2022\/09\/weekend-rum--200x300.jpg 200w, http:\/\/broloten.se\/wp-content\/uploads\/2022\/09\/weekend-rum--681x1024.jpg 681w, http:\/\/broloten.se\/wp-content\/uploads\/2022\/09\/weekend-rum--768x1154.jpg 768w, http:\/\/broloten.se\/wp-content\/uploads\/2022\/09\/weekend-rum--1022x1536.jpg 1022w, http:\/\/broloten.se\/wp-content\/uploads\/2022\/09\/weekend-rum--1363x2048.jpg 1363w\" sizes=\"auto, (max-width: 1703px) 100vw, 1703px\" \/><figcaption class=\"wp-element-caption\">Rummen <\/figcaption><\/figure>\n\n\n\n<figure class=\"wp-block-image size-large\"><img loading=\"lazy\" decoding=\"async\" width=\"683\" height=\"1024\" data-id=\"3634\" src=\"http:\/\/broloten.se\/wp-content\/uploads\/\/2023\/09\/DSC2517-683x1024.jpg\" alt=\"\" class=\"wp-image-3634\" srcset=\"http:\/\/broloten.se\/wp-content\/uploads\/2023\/09\/DSC2517-683x1024.jpg 683w, http:\/\/broloten.se\/wp-content\/uploads\/2023\/09\/DSC2517-200x300.jpg 200w, http:\/\/broloten.se\/wp-content\/uploads\/2023\/09\/DSC2517-768x1151.jpg 768w, http:\/\/broloten.se\/wp-content\/uploads\/2023\/09\/DSC2517-1025x1536.jpg 1025w, http:\/\/broloten.se\/wp-content\/uploads\/2023\/09\/DSC2517.jpg 1201w\" sizes=\"auto, (max-width: 683px) 100vw, 683px\" \/><figcaption class=\"wp-element-caption\">Fokus p\u00e5 detaljer<\/figcaption><\/figure>\n\n\n\n<figure class=\"wp-block-image size-large\"><img loading=\"lazy\" decoding=\"async\" width=\"1024\" height=\"683\" data-id=\"3638\" src=\"http:\/\/broloten.se\/wp-content\/uploads\/\/2023\/09\/DSC3091-1024x683.jpg\" alt=\"\" class=\"wp-image-3638\" srcset=\"http:\/\/broloten.se\/wp-content\/uploads\/2023\/09\/DSC3091-1024x683.jpg 1024w, http:\/\/broloten.se\/wp-content\/uploads\/2023\/09\/DSC3091-300x200.jpg 300w, http:\/\/broloten.se\/wp-content\/uploads\/2023\/09\/DSC3091-768x512.jpg 768w, http:\/\/broloten.se\/wp-content\/uploads\/2023\/09\/DSC3091-1536x1025.jpg 1536w, http:\/\/broloten.se\/wp-content\/uploads\/2023\/09\/DSC3091.jpg 1800w\" sizes=\"auto, (max-width: 1024px) 100vw, 1024px\" \/><figcaption class=\"wp-element-caption\">Spa bad inne och ute<\/figcaption><\/figure>\n\n\n\n<figure class=\"wp-block-image size-large\"><img loading=\"lazy\" decoding=\"async\" width=\"802\" height=\"1024\" data-id=\"3635\" src=\"http:\/\/broloten.se\/wp-content\/uploads\/\/2023\/09\/DSC3240-802x1024.jpg\" alt=\"\" class=\"wp-image-3635\" srcset=\"http:\/\/broloten.se\/wp-content\/uploads\/2023\/09\/DSC3240-802x1024.jpg 802w, http:\/\/broloten.se\/wp-content\/uploads\/2023\/09\/DSC3240-235x300.jpg 235w, http:\/\/broloten.se\/wp-content\/uploads\/2023\/09\/DSC3240-768x981.jpg 768w, http:\/\/broloten.se\/wp-content\/uploads\/2023\/09\/DSC3240-1202x1536.jpg 1202w, http:\/\/broloten.se\/wp-content\/uploads\/2023\/09\/DSC3240.jpg 1409w\" sizes=\"auto, (max-width: 802px) 100vw, 802px\" \/><figcaption class=\"wp-element-caption\">3-r\u00e4tters meny<\/figcaption><\/figure>\n\n\n\n<figure class=\"wp-block-image size-large\"><img loading=\"lazy\" decoding=\"async\" width=\"2560\" height=\"1703\" data-id=\"3353\" src=\"http:\/\/broloten.se\/wp-content\/uploads\/\/2022\/09\/restaurang-2-scaled.jpg\" alt=\"\" class=\"wp-image-3353\" srcset=\"http:\/\/broloten.se\/wp-content\/uploads\/2022\/09\/restaurang-2-scaled.jpg 2560w, http:\/\/broloten.se\/wp-content\/uploads\/2022\/09\/restaurang-2-300x200.jpg 300w, http:\/\/broloten.se\/wp-content\/uploads\/2022\/09\/restaurang-2-1024x681.jpg 1024w, http:\/\/broloten.se\/wp-content\/uploads\/2022\/09\/restaurang-2-768x511.jpg 768w, http:\/\/broloten.se\/wp-content\/uploads\/2022\/09\/restaurang-2-1536x1022.jpg 1536w, http:\/\/broloten.se\/wp-content\/uploads\/2022\/09\/restaurang-2-2048x1363.jpg 2048w\" sizes=\"auto, (max-width: 2560px) 100vw, 2560px\" \/><figcaption class=\"wp-element-caption\">Restaurangen med utsikt \u00f6ver ridhuset <\/figcaption><\/figure>\n\n\n\n<figure class=\"wp-block-image size-large\"><img loading=\"lazy\" decoding=\"async\" width=\"1024\" height=\"683\" data-id=\"3633\" src=\"http:\/\/broloten.se\/wp-content\/uploads\/\/2023\/09\/DSC2442-1024x683.jpg\" alt=\"\" class=\"wp-image-3633\" srcset=\"http:\/\/broloten.se\/wp-content\/uploads\/2023\/09\/DSC2442-1024x683.jpg 1024w, http:\/\/broloten.se\/wp-content\/uploads\/2023\/09\/DSC2442-300x200.jpg 300w, http:\/\/broloten.se\/wp-content\/uploads\/2023\/09\/DSC2442-768x512.jpg 768w, http:\/\/broloten.se\/wp-content\/uploads\/2023\/09\/DSC2442-1536x1025.jpg 1536w, http:\/\/broloten.se\/wp-content\/uploads\/2023\/09\/DSC2442.jpg 1800w\" sizes=\"auto, (max-width: 1024px) 100vw, 1024px\" \/><figcaption class=\"wp-element-caption\">Inspireras och l\u00e4r dig n\u00e5got nytt!<\/figcaption><\/figure>\n<\/figure>\n<\/div><\/div>\n\n\n\n<p><\/p>\n","protected":false},"excerpt":{"rendered":"<p>F\u00f6r dig som vill komma iv\u00e4g och utvecklas i dressyr med h\u00e4rlig omgivning och h\u00e4stv\u00e4nner. Nytt popul\u00e4rt koncept \u00e4r att vi erbjuder tv\u00e5dagars kurser i dressyr d\u00e4r vi f\u00f6rst och fr\u00e4mst inriktar oss f\u00f6r dig med egen h\u00e4st som vill rida privatlektion. Kanske en stallg\u00e4ng som vill \u00e5ka iv\u00e4g tillsammans, en ridklubb eller bara l\u00e4ra k\u00e4nna nya tr\u00e4ningskompisar. Att f\u00e5 komma iv\u00e4g och bara f\u00e5 fokusera p\u00e5 dig och din h\u00e4st \u00e4ta och bo bra och trimmas av Emelie Brolin. Det finns \u00e4ven ett f\u00e5tal platser om man vill l\u00e5na h\u00e4st om n\u00e5gon i gruppen inte kan ta med egen.&nbsp; Efter ridningen kan du slappna av i jacuzzin, bastun eller v\u00e5r bardel. Kurserna \u00e4r fredag-l\u00f6rdag eller l\u00f6rdag-s\u00f6ndag, det \u00e4r 30 minuters privatlektion b\u00e5de dag ett och tv\u00e5 och \u00e4ven en clinic med Emelie en av dagarna samt fika, middag, \u00f6vernattning, uppstallning och frukost. Kom iv\u00e4g och utvecklas tillsammans och inspireras&hellip;<\/p>\n<p> <a class=\"more-link\" href=\"http:\/\/broloten.se\/?page_id=3628\">L\u00e4s mer<\/a><\/p>\n","protected":false},"author":2,"featured_media":2798,"parent":0,"menu_order":0,"comment_status":"closed","ping_status":"closed","template":"","meta":{"footnotes":""},"class_list":["post-3628","page","type-page","status-publish","has-post-thumbnail"],"_links":{"self":[{"href":"http:\/\/broloten.se\/index.php?rest_route=\/wp\/v2\/pages\/3628","targetHints":{"allow":["GET"]}}],"collection":[{"href":"http:\/\/broloten.se\/index.php?rest_route=\/wp\/v2\/pages"}],"about":[{"href":"http:\/\/broloten.se\/index.php?rest_route=\/wp\/v2\/types\/page"}],"author":[{"embeddable":true,"href":"http:\/\/broloten.se\/index.php?rest_route=\/wp\/v2\/users\/2"}],"replies":[{"embeddable":true,"href":"http:\/\/broloten.se\/index.php?rest_route=%2Fwp%2Fv2%2Fcomments&post=3628"}],"version-history":[{"count":4,"href":"http:\/\/broloten.se\/index.php?rest_route=\/wp\/v2\/pages\/3628\/revisions"}],"predecessor-version":[{"id":3671,"href":"http:\/\/broloten.se\/index.php?rest_route=\/wp\/v2\/pages\/3628\/revisions\/3671"}],"wp:featuredmedia":[{"embeddable":true,"href":"http:\/\/broloten.se\/index.php?rest_route=\/wp\/v2\/media\/2798"}],"wp:attachment":[{"href":"http:\/\/broloten.se\/index.php?rest_route=%2Fwp%2Fv2%2Fmedia&parent=3628"}],"curies":[{"name":"wp","href":"https:\/\/api.w.org\/{rel}","templated":true}]}}