{"id":3684,"date":"2023-09-12T15:52:41","date_gmt":"2023-09-12T14:52:41","guid":{"rendered":"http:\/\/broloten.se\/?page_id=3684"},"modified":"2023-09-12T16:02:49","modified_gmt":"2023-09-12T15:02:49","slug":"weekendkurs","status":"publish","type":"page","link":"http:\/\/broloten.se\/?page_id=3684","title":{"rendered":"Weekendkurs"},"content":{"rendered":"\n<p><em><mark style=\"background-color:rgba(0, 0, 0, 0)\" class=\"has-inline-color has-black-color\"><strong>F\u00f6r dig som vill komma iv\u00e4g och njuta av dressyr, god mat, h\u00e4rlig omgivning och h\u00e4stv\u00e4nner.<\/strong><\/mark><\/em><\/p>\n\n\n\n<div class=\"wp-block-buttons is-content-justification-left is-layout-flex wp-container-core-buttons-is-layout-fdcfc74e wp-block-buttons-is-layout-flex\">\n<div class=\"wp-block-button\"><a class=\"wp-block-button__link has-background wp-element-button\" href=\"https:\/\/broloten.se\/?page_id=942\" style=\"background-color:#000038\">Datum<\/a><\/div>\n\n\n\n<div class=\"wp-block-button is-style-fill\"><a class=\"wp-block-button__link has-white-color has-text-color has-background wp-element-button\" href=\"http:\/\/broloten.se\/?page_id=522\" style=\"background-color:#000038\">Prislista<\/a><\/div>\n\n\n\n<div class=\"wp-block-button is-style-fill\"><a class=\"wp-block-button__link has-white-color has-text-color has-background wp-element-button\" href=\"https:\/\/www.turtle-pay.com\/\/broloten\" style=\"background-color:#000038\">Anm\u00e4l<\/a><\/div>\n\n\n\n<div class=\"wp-block-button is-style-fill\"><a class=\"wp-block-button__link has-white-color has-text-color has-background wp-element-button\" href=\"http:\/\/broloten.se\/?page_id=537\" style=\"background-color:#000038\" target=\"_blank\" rel=\"noreferrer noopener\">Hur en kurs kan se ut<\/a><\/div>\n<\/div>\n\n\n\n<p>Vi erbjuder helgkurser i dressyr d\u00e4r du \u00e4r v\u00e4lkommen b\u00e5de med och utan egen h\u00e4st. Slappna av i den s\u00f6rml\u00e4ndska milj\u00f6n, rida p\u00e5 v\u00e5ra fina utbildade h\u00e4star och trimmas av riktiga proffs. Du kanske har med en kompis eller s\u00e5 l\u00e4r du k\u00e4nna nya h\u00e4stv\u00e4nner med samma intresse. Vi serverar trer\u00e4tters middag d\u00e4r vi efterstr\u00e4var lokalproducerade r\u00e5varor d\u00e4r vi alla \u00e4ter tillsammans i en familj\u00e4r st\u00e4mning. Efter ridningen kan du slappna av i jacuzzin, bastun eller v\u00e5r bardel.<\/p>\n\n\n\n<p>F\u00f6r dig som har egen h\u00e4st s\u00e5 \u00e4r det h\u00e4r ett tillf\u00e4lle att bara komma iv\u00e4g och fokusera p\u00e5 er som ekipage. Tid tillsammans med din h\u00e4st och f\u00f6rhoppningsvis ta er ett steg fram\u00e5t i tr\u00e4ningen.<\/p>\n\n\n\n<p>Vi utg\u00e5r sj\u00e4lvklart efter varje individs niv\u00e5 men fokus p\u00e5 tr\u00e4ningen \u00e4r s\u00e5klart sits och inverkan och kanske f\u00f6rklara en del sv\u00e5rare r\u00f6relser ni inte tr\u00e4nat p\u00e5 innan.<\/p>\n\n\n\n<p>Vi l\u00e4gger tillsmans upp planen f\u00f6r helgen s\u00e5 om det finns \u00f6nskem\u00e5l om uteritt eller bom\u00f6vningar ut\u00f6ver dressyr s\u00e5 tar vi tacksamt emot det redan i anm\u00e4lan.<\/p>\n\n\n\n<div class=\"wp-block-group\"><div class=\"wp-block-group__inner-container is-layout-flow wp-block-group-is-layout-flow\">\n<figure class=\"wp-block-gallery has-nested-images columns-default is-cropped wp-block-gallery-1 is-layout-flex wp-block-gallery-is-layout-flex\">\n<figure class=\"wp-block-image size-large\"><img loading=\"lazy\" decoding=\"async\" width=\"999\" height=\"667\" data-id=\"1562\" src=\"http:\/\/broloten.se\/wp-content\/uploads\/\/2013\/12\/DSC2587.jpg\" alt=\"\" class=\"wp-image-1562\" srcset=\"http:\/\/broloten.se\/wp-content\/uploads\/2013\/12\/DSC2587.jpg 999w, http:\/\/broloten.se\/wp-content\/uploads\/2013\/12\/DSC2587-300x200.jpg 300w, http:\/\/broloten.se\/wp-content\/uploads\/2013\/12\/DSC2587-449x300.jpg 449w\" sizes=\"auto, (max-width: 999px) 100vw, 999px\" \/><figcaption class=\"wp-element-caption\">Dressyrpass <\/figcaption><\/figure>\n\n\n\n<figure class=\"wp-block-image size-large\"><img loading=\"lazy\" decoding=\"async\" width=\"1703\" height=\"2560\" data-id=\"3346\" src=\"http:\/\/broloten.se\/wp-content\/uploads\/\/2022\/09\/weekend-rum--scaled.jpg\" alt=\"\" class=\"wp-image-3346\" srcset=\"http:\/\/broloten.se\/wp-content\/uploads\/2022\/09\/weekend-rum--scaled.jpg 1703w, http:\/\/broloten.se\/wp-content\/uploads\/2022\/09\/weekend-rum--200x300.jpg 200w, http:\/\/broloten.se\/wp-content\/uploads\/2022\/09\/weekend-rum--681x1024.jpg 681w, http:\/\/broloten.se\/wp-content\/uploads\/2022\/09\/weekend-rum--768x1154.jpg 768w, http:\/\/broloten.se\/wp-content\/uploads\/2022\/09\/weekend-rum--1022x1536.jpg 1022w, http:\/\/broloten.se\/wp-content\/uploads\/2022\/09\/weekend-rum--1363x2048.jpg 1363w\" sizes=\"auto, (max-width: 1703px) 100vw, 1703px\" \/><figcaption class=\"wp-element-caption\">Rummen <\/figcaption><\/figure>\n\n\n\n<figure class=\"wp-block-image size-large\"><img loading=\"lazy\" decoding=\"async\" width=\"2560\" height=\"1703\" data-id=\"3373\" src=\"http:\/\/broloten.se\/wp-content\/uploads\/\/2022\/09\/detalj-weekend-scaled.jpg\" alt=\"\" class=\"wp-image-3373\" srcset=\"http:\/\/broloten.se\/wp-content\/uploads\/2022\/09\/detalj-weekend-scaled.jpg 2560w, http:\/\/broloten.se\/wp-content\/uploads\/2022\/09\/detalj-weekend-300x200.jpg 300w, http:\/\/broloten.se\/wp-content\/uploads\/2022\/09\/detalj-weekend-1024x681.jpg 1024w, http:\/\/broloten.se\/wp-content\/uploads\/2022\/09\/detalj-weekend-768x511.jpg 768w, http:\/\/broloten.se\/wp-content\/uploads\/2022\/09\/detalj-weekend-1536x1022.jpg 1536w, http:\/\/broloten.se\/wp-content\/uploads\/2022\/09\/detalj-weekend-2048x1363.jpg 2048w\" sizes=\"auto, (max-width: 2560px) 100vw, 2560px\" \/><figcaption class=\"wp-element-caption\">Detaljer<\/figcaption><\/figure>\n\n\n\n<figure class=\"wp-block-image size-large\"><img loading=\"lazy\" decoding=\"async\" width=\"1024\" height=\"683\" data-id=\"3638\" src=\"http:\/\/broloten.se\/wp-content\/uploads\/\/2023\/09\/DSC3091-1024x683.jpg\" alt=\"\" class=\"wp-image-3638\" srcset=\"http:\/\/broloten.se\/wp-content\/uploads\/2023\/09\/DSC3091-1024x683.jpg 1024w, http:\/\/broloten.se\/wp-content\/uploads\/2023\/09\/DSC3091-300x200.jpg 300w, http:\/\/broloten.se\/wp-content\/uploads\/2023\/09\/DSC3091-768x512.jpg 768w, http:\/\/broloten.se\/wp-content\/uploads\/2023\/09\/DSC3091-1536x1025.jpg 1536w, http:\/\/broloten.se\/wp-content\/uploads\/2023\/09\/DSC3091.jpg 1800w\" sizes=\"auto, (max-width: 1024px) 100vw, 1024px\" \/><figcaption class=\"wp-element-caption\">Spa bad inne och ute<\/figcaption><\/figure>\n\n\n\n<figure class=\"wp-block-image size-large\"><img loading=\"lazy\" decoding=\"async\" width=\"640\" height=\"958\" data-id=\"3382\" src=\"http:\/\/broloten.se\/wp-content\/uploads\/\/2022\/09\/anne-nygard-FQDaYrXjkKo-unsplash-2.jpg\" alt=\"\" class=\"wp-image-3382\" srcset=\"http:\/\/broloten.se\/wp-content\/uploads\/2022\/09\/anne-nygard-FQDaYrXjkKo-unsplash-2.jpg 640w, http:\/\/broloten.se\/wp-content\/uploads\/2022\/09\/anne-nygard-FQDaYrXjkKo-unsplash-2-200x300.jpg 200w\" sizes=\"auto, (max-width: 640px) 100vw, 640px\" \/><figcaption class=\"wp-element-caption\">Bastubad<\/figcaption><\/figure>\n\n\n\n<figure class=\"wp-block-image size-large\"><img loading=\"lazy\" decoding=\"async\" width=\"802\" height=\"1024\" data-id=\"3635\" src=\"http:\/\/broloten.se\/wp-content\/uploads\/\/2023\/09\/DSC3240-802x1024.jpg\" alt=\"\" class=\"wp-image-3635\" srcset=\"http:\/\/broloten.se\/wp-content\/uploads\/2023\/09\/DSC3240-802x1024.jpg 802w, http:\/\/broloten.se\/wp-content\/uploads\/2023\/09\/DSC3240-235x300.jpg 235w, http:\/\/broloten.se\/wp-content\/uploads\/2023\/09\/DSC3240-768x981.jpg 768w, http:\/\/broloten.se\/wp-content\/uploads\/2023\/09\/DSC3240-1202x1536.jpg 1202w, http:\/\/broloten.se\/wp-content\/uploads\/2023\/09\/DSC3240.jpg 1409w\" sizes=\"auto, (max-width: 802px) 100vw, 802px\" \/><figcaption class=\"wp-element-caption\">3-r\u00e4tters meny efter l\u00e5ng dag<\/figcaption><\/figure>\n\n\n\n<figure class=\"wp-block-image size-large\"><img loading=\"lazy\" decoding=\"async\" width=\"999\" height=\"667\" data-id=\"1685\" src=\"http:\/\/broloten.se\/wp-content\/uploads\/\/2012\/12\/DSC2930.jpg\" alt=\"\" class=\"wp-image-1685\" srcset=\"http:\/\/broloten.se\/wp-content\/uploads\/2012\/12\/DSC2930.jpg 999w, http:\/\/broloten.se\/wp-content\/uploads\/2012\/12\/DSC2930-300x200.jpg 300w, http:\/\/broloten.se\/wp-content\/uploads\/2012\/12\/DSC2930-449x300.jpg 449w\" sizes=\"auto, (max-width: 999px) 100vw, 999px\" \/><figcaption class=\"wp-element-caption\">Obligatorisk sitstr\u00e4ning<\/figcaption><\/figure>\n\n\n\n<figure class=\"wp-block-image size-large\"><img loading=\"lazy\" decoding=\"async\" width=\"2560\" height=\"1703\" data-id=\"3353\" src=\"http:\/\/broloten.se\/wp-content\/uploads\/\/2022\/09\/restaurang-2-scaled.jpg\" alt=\"\" class=\"wp-image-3353\" srcset=\"http:\/\/broloten.se\/wp-content\/uploads\/2022\/09\/restaurang-2-scaled.jpg 2560w, http:\/\/broloten.se\/wp-content\/uploads\/2022\/09\/restaurang-2-300x200.jpg 300w, http:\/\/broloten.se\/wp-content\/uploads\/2022\/09\/restaurang-2-1024x681.jpg 1024w, http:\/\/broloten.se\/wp-content\/uploads\/2022\/09\/restaurang-2-768x511.jpg 768w, http:\/\/broloten.se\/wp-content\/uploads\/2022\/09\/restaurang-2-1536x1022.jpg 1536w, http:\/\/broloten.se\/wp-content\/uploads\/2022\/09\/restaurang-2-2048x1363.jpg 2048w\" sizes=\"auto, (max-width: 2560px) 100vw, 2560px\" \/><figcaption class=\"wp-element-caption\">Restaurangen med utsikt \u00f6ver ridhuset <\/figcaption><\/figure>\n<\/figure>\n<\/div><\/div>\n","protected":false},"excerpt":{"rendered":"<p>F\u00f6r dig som vill komma iv\u00e4g och njuta av dressyr, god mat, h\u00e4rlig omgivning och h\u00e4stv\u00e4nner. Vi erbjuder helgkurser i dressyr d\u00e4r du \u00e4r v\u00e4lkommen b\u00e5de med och utan egen h\u00e4st. Slappna av i den s\u00f6rml\u00e4ndska milj\u00f6n, rida p\u00e5 v\u00e5ra fina utbildade h\u00e4star och trimmas av riktiga proffs. Du kanske har med en kompis eller s\u00e5 l\u00e4r du k\u00e4nna nya h\u00e4stv\u00e4nner med samma intresse. Vi serverar trer\u00e4tters middag d\u00e4r vi efterstr\u00e4var lokalproducerade r\u00e5varor d\u00e4r vi alla \u00e4ter tillsammans i en familj\u00e4r st\u00e4mning. Efter ridningen kan du slappna av i jacuzzin, bastun eller v\u00e5r bardel. F\u00f6r dig som har egen h\u00e4st s\u00e5 \u00e4r det h\u00e4r ett tillf\u00e4lle att bara komma iv\u00e4g och fokusera p\u00e5 er som ekipage. Tid tillsammans med din h\u00e4st och f\u00f6rhoppningsvis ta er ett steg fram\u00e5t i tr\u00e4ningen. Vi utg\u00e5r sj\u00e4lvklart efter varje individs niv\u00e5 men fokus p\u00e5 tr\u00e4ningen \u00e4r s\u00e5klart sits och inverkan och kanske f\u00f6rklara en&hellip;<\/p>\n<p> <a class=\"more-link\" href=\"http:\/\/broloten.se\/?page_id=3684\">L\u00e4s mer<\/a><\/p>\n","protected":false},"author":2,"featured_media":3649,"parent":0,"menu_order":0,"comment_status":"closed","ping_status":"closed","template":"","meta":{"footnotes":""},"class_list":["post-3684","page","type-page","status-publish","has-post-thumbnail"],"_links":{"self":[{"href":"http:\/\/broloten.se\/index.php?rest_route=\/wp\/v2\/pages\/3684","targetHints":{"allow":["GET"]}}],"collection":[{"href":"http:\/\/broloten.se\/index.php?rest_route=\/wp\/v2\/pages"}],"about":[{"href":"http:\/\/broloten.se\/index.php?rest_route=\/wp\/v2\/types\/page"}],"author":[{"embeddable":true,"href":"http:\/\/broloten.se\/index.php?rest_route=\/wp\/v2\/users\/2"}],"replies":[{"embeddable":true,"href":"http:\/\/broloten.se\/index.php?rest_route=%2Fwp%2Fv2%2Fcomments&post=3684"}],"version-history":[{"count":1,"href":"http:\/\/broloten.se\/index.php?rest_route=\/wp\/v2\/pages\/3684\/revisions"}],"predecessor-version":[{"id":3685,"href":"http:\/\/broloten.se\/index.php?rest_route=\/wp\/v2\/pages\/3684\/revisions\/3685"}],"wp:featuredmedia":[{"embeddable":true,"href":"http:\/\/broloten.se\/index.php?rest_route=\/wp\/v2\/media\/3649"}],"wp:attachment":[{"href":"http:\/\/broloten.se\/index.php?rest_route=%2Fwp%2Fv2%2Fmedia&parent=3684"}],"curies":[{"name":"wp","href":"https:\/\/api.w.org\/{rel}","templated":true}]}}