{"id":44,"date":"2012-12-10T15:24:13","date_gmt":"2012-12-10T14:24:13","guid":{"rendered":"http:\/\/www.broloten.se\/?page_id=44"},"modified":"2023-09-05T10:29:20","modified_gmt":"2023-09-05T09:29:20","slug":"kontakt","status":"publish","type":"page","link":"http:\/\/broloten.se\/?page_id=44","title":{"rendered":"Kontakt"},"content":{"rendered":"<p>\u00a0<\/p>\n<p style=\"text-align: left;\">Familjen Brolin med Chris i spetsen har drivit Brol\u00f6tens g\u00e5rd och v\u00e5ra k\u00e4nda ridl\u00e4ger i \u00f6ver 50 \u00e5r. Numera st\u00e5r Emelie vid rodret och ni hittar henne i stallet, p\u00e5 h\u00e4stryggen eller h\u00e5ller i lektioner p\u00e5 v\u00e5ra popul\u00e4ra kurser.\u00a0<\/p>\n<p>Vi erbjuder ryttare, h\u00e4st\u00e4gare och potentiella h\u00e4stk\u00f6pare &#8211; v\u00e5r professionella och<br \/>m\u00e5ng\u00e5riga erfarenhet av ridl\u00e4ger och kurser, samt ett omfattande kontaktn\u00e4t s\u00e5v\u00e4l nationellt som internationellt.<\/p>\n<p>Vi tar i f\u00f6rsta hand emot f\u00f6rfr\u00e5gningar via <strong><a href=\"mailto:info@broloten.se\">info@broloten.se<\/a><\/strong> d\u00e5 vart dagliga arbete utf\u00f6rs i stallet och runt h\u00e4star. Om ni beh\u00f6ver komma i kontakt med Emelie n\u00e5s hon p\u00e5 0705839147.<\/p>\n\n\n<p><strong>Hitta hit<\/strong><\/p>\n\n\n\n<p>Brol\u00f6ten ligger l\u00e4ngsmed riksv\u00e4g 57 i hj\u00e4rtat av S\u00f6rmland en timmes bilf\u00e4rd fr\u00e5n Stockholm.<em><br>Brol\u00f6tens G\u00e5rd 2<br>649 91 Sparreholm&nbsp;<\/em><\/p>\n","protected":false},"excerpt":{"rendered":"<p>\u00a0 Familjen Brolin med Chris i spetsen har drivit Brol\u00f6tens g\u00e5rd och v\u00e5ra k\u00e4nda ridl\u00e4ger i \u00f6ver 50 \u00e5r. Numera st\u00e5r Emelie vid rodret och ni hittar henne i stallet, p\u00e5 h\u00e4stryggen eller h\u00e5ller i lektioner p\u00e5 v\u00e5ra popul\u00e4ra kurser.\u00a0 Vi erbjuder ryttare, h\u00e4st\u00e4gare och potentiella h\u00e4stk\u00f6pare &#8211; v\u00e5r professionella ochm\u00e5ng\u00e5riga erfarenhet av ridl\u00e4ger och kurser, samt ett omfattande kontaktn\u00e4t s\u00e5v\u00e4l nationellt som internationellt. Vi tar i f\u00f6rsta hand emot f\u00f6rfr\u00e5gningar via info@broloten.se d\u00e5 vart dagliga arbete utf\u00f6rs i stallet och runt h\u00e4star. Om ni beh\u00f6ver komma i kontakt med Emelie n\u00e5s hon p\u00e5 0705839147. Hitta hit Brol\u00f6ten ligger l\u00e4ngsmed riksv\u00e4g 57 i hj\u00e4rtat av S\u00f6rmland en timmes bilf\u00e4rd fr\u00e5n Stockholm.Brol\u00f6tens G\u00e5rd 2649 91 Sparreholm&nbsp;<\/p>\n","protected":false},"author":1,"featured_media":3352,"parent":0,"menu_order":0,"comment_status":"closed","ping_status":"closed","template":"","meta":{"footnotes":""},"class_list":["post-44","page","type-page","status-publish","has-post-thumbnail"],"_links":{"self":[{"href":"http:\/\/broloten.se\/index.php?rest_route=\/wp\/v2\/pages\/44","targetHints":{"allow":["GET"]}}],"collection":[{"href":"http:\/\/broloten.se\/index.php?rest_route=\/wp\/v2\/pages"}],"about":[{"href":"http:\/\/broloten.se\/index.php?rest_route=\/wp\/v2\/types\/page"}],"author":[{"embeddable":true,"href":"http:\/\/broloten.se\/index.php?rest_route=\/wp\/v2\/users\/1"}],"replies":[{"embeddable":true,"href":"http:\/\/broloten.se\/index.php?rest_route=%2Fwp%2Fv2%2Fcomments&post=44"}],"version-history":[{"count":81,"href":"http:\/\/broloten.se\/index.php?rest_route=\/wp\/v2\/pages\/44\/revisions"}],"predecessor-version":[{"id":3613,"href":"http:\/\/broloten.se\/index.php?rest_route=\/wp\/v2\/pages\/44\/revisions\/3613"}],"wp:featuredmedia":[{"embeddable":true,"href":"http:\/\/broloten.se\/index.php?rest_route=\/wp\/v2\/media\/3352"}],"wp:attachment":[{"href":"http:\/\/broloten.se\/index.php?rest_route=%2Fwp%2Fv2%2Fmedia&parent=44"}],"curies":[{"name":"wp","href":"https:\/\/api.w.org\/{rel}","templated":true}]}}