{"id":522,"date":"2013-02-10T16:00:11","date_gmt":"2013-02-10T15:00:11","guid":{"rendered":"http:\/\/www.broloten.se\/?page_id=522"},"modified":"2025-09-24T11:09:03","modified_gmt":"2025-09-24T10:09:03","slug":"priser","status":"publish","type":"page","link":"http:\/\/broloten.se\/?page_id=522","title":{"rendered":"Prislista"},"content":{"rendered":"\n<div class=\"wp-block-columns is-layout-flex wp-container-core-columns-is-layout-9d6595d7 wp-block-columns-is-layout-flex\">\n<div class=\"wp-block-column is-layout-flow wp-block-column-is-layout-flow\">\n<p><strong><em>Vuxen<\/em><\/strong><br>Miniweekend med egen h\u00e4st <strong>2 200:-<\/strong> <br>Miniweekend utan egen h\u00e4st <strong>2 700:-<\/strong><\/p>\n\n\n\n<p>Weekendkurs med egen h\u00e4st <strong>6 000:-<\/strong> <br>Weekendkurs&nbsp;utan egen h\u00e4st <strong>6 500:-<\/strong><\/p>\n\n\n\n<p>4-dagars kurs med egen h\u00e4st <strong>7 100:-<\/strong><br>4-dagars kurs utan egen h\u00e4st&nbsp;<strong>7 500:-<\/strong><\/p>\n\n\n\n<p>5-dagars kurs\u00a0med egen h\u00e4st <strong>8 200:-<\/strong><br>5-dagars kurs utan egen h\u00e4st <strong>8 700:-<\/strong><\/p>\n\n\n\n<p>6-dagars kurs\u00a0med egen h\u00e4st <strong>9 000:-<\/strong><br>6-dagars kurs utan egen h\u00e4st <strong>9 600:-<\/strong><\/p>\n\n\n\n<p>7-dagars kurs med egen h\u00e4st <strong>9 800:-<\/strong><br>7-dagars kurs utan egen h\u00e4st <strong>10 500:<\/strong>&#8211;<\/p>\n\n\n\n<p><\/p>\n<\/div>\n\n\n\n<div class=\"wp-block-column is-layout-flow wp-block-column-is-layout-flow\">\n<p><strong><em>Ungdom<\/em><\/strong><br>Miniweekend med egen h\u00e4st <strong>2 200:-<\/strong> <br>Miniweekend utan egen h\u00e4st <strong>2 700:-<\/strong><\/p>\n\n\n\n<p>Weekendkurs&nbsp;med egen h\u00e4st <strong>5 000:-<\/strong><em><br><\/em>Weekendkurs utan egen h\u00e4st <strong>5 500:-<\/strong><\/p>\n\n\n\n<p>4-dagars kurs med egen h\u00e4st<strong> 6 700:-<\/strong><br>4-dagars kurs utan egen h\u00e4st&nbsp;<strong>7 100:-<\/strong><\/p>\n\n\n\n<p>5-dagars kurs\u00a0med egen h\u00e4st <strong>7 700:-<\/strong><br>5-dagars kurs utan egen h\u00e4st <strong>8 200:-<\/strong><\/p>\n\n\n\n<p>6-dagars kurs\u00a0med egen h\u00e4st <strong>8 400:-<\/strong><br>6-dagars kurs utan egen h\u00e4st <strong>9 000:-<\/strong><\/p>\n\n\n\n<p>7-dagars kurs med egen h\u00e4st <strong>9 400:-<\/strong><br>7-dagars kurs utan egen h\u00e4st <strong>10 100:-<\/strong><\/p>\n<\/div>\n<\/div>\n\n\n\n<p>Som ungdom r\u00e4knas man tom det \u00e5ret man fyller 18 \u00e5r.<\/p>\n\n\n\n<div class=\"wp-block-buttons is-layout-flex wp-block-buttons-is-layout-flex\">\n<div class=\"wp-block-button\"><a class=\"wp-block-button__link has-white-color has-text-color has-background wp-element-button\" href=\"https:\/\/www.turtle-pay.com\/\/broloten\" style=\"background-color:#000038\">Anm\u00e4l dig h\u00e4r<\/a><\/div>\n<\/div>\n","protected":false},"excerpt":{"rendered":"<p>VuxenMiniweekend med egen h\u00e4st 2 200:- Miniweekend utan egen h\u00e4st 2 700:- Weekendkurs med egen h\u00e4st 6 000:- Weekendkurs&nbsp;utan egen h\u00e4st 6 500:- 4-dagars kurs med egen h\u00e4st 7 100:-4-dagars kurs utan egen h\u00e4st&nbsp;7 500:- 5-dagars kurs\u00a0med egen h\u00e4st 8 200:-5-dagars kurs utan egen h\u00e4st 8 700:- 6-dagars kurs\u00a0med egen h\u00e4st 9 000:-6-dagars kurs utan egen h\u00e4st 9 600:- 7-dagars kurs med egen h\u00e4st 9 800:-7-dagars kurs utan egen h\u00e4st 10 500:&#8211; UngdomMiniweekend med egen h\u00e4st 2 200:- Miniweekend utan egen h\u00e4st 2 700:- Weekendkurs&nbsp;med egen h\u00e4st 5 000:-Weekendkurs utan egen h\u00e4st 5 500:- 4-dagars kurs med egen h\u00e4st 6 700:-4-dagars kurs utan egen h\u00e4st&nbsp;7 100:- 5-dagars kurs\u00a0med egen h\u00e4st 7 700:-5-dagars kurs utan egen h\u00e4st 8 200:- 6-dagars kurs\u00a0med egen h\u00e4st 8 400:-6-dagars kurs utan egen h\u00e4st 9 000:- 7-dagars kurs med egen h\u00e4st 9 400:-7-dagars kurs utan egen h\u00e4st 10 100:- Som ungdom r\u00e4knas man tom det \u00e5ret&hellip;<\/p>\n<p> <a class=\"more-link\" href=\"http:\/\/broloten.se\/?page_id=522\">L\u00e4s mer<\/a><\/p>\n","protected":false},"author":2,"featured_media":2262,"parent":0,"menu_order":0,"comment_status":"closed","ping_status":"closed","template":"","meta":{"footnotes":""},"class_list":["post-522","page","type-page","status-publish","has-post-thumbnail"],"_links":{"self":[{"href":"http:\/\/broloten.se\/index.php?rest_route=\/wp\/v2\/pages\/522","targetHints":{"allow":["GET"]}}],"collection":[{"href":"http:\/\/broloten.se\/index.php?rest_route=\/wp\/v2\/pages"}],"about":[{"href":"http:\/\/broloten.se\/index.php?rest_route=\/wp\/v2\/types\/page"}],"author":[{"embeddable":true,"href":"http:\/\/broloten.se\/index.php?rest_route=\/wp\/v2\/users\/2"}],"replies":[{"embeddable":true,"href":"http:\/\/broloten.se\/index.php?rest_route=%2Fwp%2Fv2%2Fcomments&post=522"}],"version-history":[{"count":55,"href":"http:\/\/broloten.se\/index.php?rest_route=\/wp\/v2\/pages\/522\/revisions"}],"predecessor-version":[{"id":3791,"href":"http:\/\/broloten.se\/index.php?rest_route=\/wp\/v2\/pages\/522\/revisions\/3791"}],"wp:featuredmedia":[{"embeddable":true,"href":"http:\/\/broloten.se\/index.php?rest_route=\/wp\/v2\/media\/2262"}],"wp:attachment":[{"href":"http:\/\/broloten.se\/index.php?rest_route=%2Fwp%2Fv2%2Fmedia&parent=522"}],"curies":[{"name":"wp","href":"https:\/\/api.w.org\/{rel}","templated":true}]}}