{"id":537,"date":"2013-02-10T16:16:13","date_gmt":"2013-02-10T15:16:13","guid":{"rendered":"http:\/\/www.broloten.se\/?page_id=537"},"modified":"2022-10-06T13:05:49","modified_gmt":"2022-10-06T12:05:49","slug":"hur-en-weekendkurs-kan-se-ut","status":"publish","type":"page","link":"http:\/\/broloten.se\/?page_id=537","title":{"rendered":"Hur en weekendkurs kan se ut"},"content":{"rendered":"<p><a href=\"http:\/\/broloten.se\/?attachment_id=1524\" rel=\"attachment wp-att-1524\"><img loading=\"lazy\" decoding=\"async\" class=\"alignnone size-medium wp-image-1524\" src=\"http:\/\/broloten.se\/wp-content\/uploads\/\/2013\/02\/DSC2108-200x300.jpg\" alt=\"_DSC2108\" width=\"200\" height=\"300\" srcset=\"http:\/\/broloten.se\/wp-content\/uploads\/2013\/02\/DSC2108-200x300.jpg 200w, http:\/\/broloten.se\/wp-content\/uploads\/2013\/02\/DSC2108.jpg 667w\" sizes=\"auto, (max-width: 200px) 100vw, 200px\" \/><\/a> <a href=\"http:\/\/broloten.se\/?attachment_id=1525\" rel=\"attachment wp-att-1525\"><img loading=\"lazy\" decoding=\"async\" class=\"alignnone size-medium wp-image-1525\" src=\"http:\/\/broloten.se\/wp-content\/uploads\/\/2013\/02\/DSC2089-200x300.jpg\" alt=\"_DSC2089\" width=\"200\" height=\"300\" srcset=\"http:\/\/broloten.se\/wp-content\/uploads\/2013\/02\/DSC2089-200x300.jpg 200w, http:\/\/broloten.se\/wp-content\/uploads\/2013\/02\/DSC2089.jpg 667w\" sizes=\"auto, (max-width: 200px) 100vw, 200px\" \/><\/a> <a href=\"http:\/\/broloten.se\/?attachment_id=1526\" rel=\"attachment wp-att-1526\"><img loading=\"lazy\" decoding=\"async\" class=\"alignnone size-medium wp-image-1526\" src=\"http:\/\/broloten.se\/wp-content\/uploads\/\/2013\/02\/DSC2161-200x300.jpg\" alt=\"_DSC2161\" width=\"200\" height=\"300\" srcset=\"http:\/\/broloten.se\/wp-content\/uploads\/2013\/02\/DSC2161-200x300.jpg 200w, http:\/\/broloten.se\/wp-content\/uploads\/2013\/02\/DSC2161.jpg 667w\" sizes=\"auto, (max-width: 200px) 100vw, 200px\" \/><\/a><\/p>\n<p><b><em>Hur en weekendkurs kan se ut<\/em><\/b><br \/>\n<span style=\"text-decoration: underline;\">Fredag<\/span><br \/>\n14.00-15.00 Ankomst<br \/>\n15.00 Fika och presentation av Brol\u00f6ten och v\u00e5r verksamhet. Indelning av grupper.<br \/>\n16.15 Grupp 1 rider <em>Utan egna h\u00e4star<\/em><br \/>\n17.00 Grupp 2 rider <em>Egna h\u00e4star<\/em><br \/>\nEventuellt 3 grupper beroende p\u00e5 antalet deltagare.<br \/>\nBastu &amp; after ride<br \/>\n19.30 MIDDAG <em>tre r\u00e4tters<\/em><br \/>\nVi g\u00f6r gemensamt schema f\u00f6r l\u00f6rdagen.<\/p>\n<p><em>\u00d6vernattning i enkel alt. dubbelrum<\/em><\/p>\n<p><img loading=\"lazy\" decoding=\"async\" class=\"alignnone wp-image-1860 \" src=\"http:\/\/broloten.se\/wp-content\/uploads\/\/2012\/12\/cropped-DSC2251-300x273.jpg\" alt=\"\" width=\"220\" height=\"200\" srcset=\"http:\/\/broloten.se\/wp-content\/uploads\/2012\/12\/cropped-DSC2251-300x273.jpg 300w, http:\/\/broloten.se\/wp-content\/uploads\/2012\/12\/cropped-DSC2251-768x699.jpg 768w, http:\/\/broloten.se\/wp-content\/uploads\/2012\/12\/cropped-DSC2251-330x300.jpg 330w, http:\/\/broloten.se\/wp-content\/uploads\/2012\/12\/cropped-DSC2251.jpg 1000w\" sizes=\"auto, (max-width: 220px) 100vw, 220px\" \/> <a href=\"http:\/\/broloten.se\/?attachment_id=1528\" rel=\"attachment wp-att-1528\"><img loading=\"lazy\" decoding=\"async\" class=\"alignnone size-medium wp-image-1528\" src=\"http:\/\/broloten.se\/wp-content\/uploads\/\/2013\/02\/DSC2588-300x200.jpg\" alt=\"_DSC2588\" width=\"300\" height=\"200\" srcset=\"http:\/\/broloten.se\/wp-content\/uploads\/2013\/02\/DSC2588-300x200.jpg 300w, http:\/\/broloten.se\/wp-content\/uploads\/2013\/02\/DSC2588-449x300.jpg 449w, http:\/\/broloten.se\/wp-content\/uploads\/2013\/02\/DSC2588.jpg 999w\" sizes=\"auto, (max-width: 300px) 100vw, 300px\" \/><\/a><\/p>\n<p><span style=\"text-decoration: underline;\">L\u00f6rdag<\/span><br \/>\n8.00 FRUKOST<br \/>\nTeori. Christian och Emelie rider. <em>Allt ifr\u00e5n ungh\u00e4st till GP.<\/em><br \/>\n10.30 Grupp 1 rider<br \/>\n11.15 Grupp 2 rider<br \/>\n12.30 LUNCH<br \/>\nDressyr video<br \/>\n14.30 FIKA <em>med hembakat br\u00f6d<\/em><br \/>\nTeori. Ridl\u00e4ra sits<br \/>\n16.00 Sitstr\u00e4ning <em>Longering<\/em><br \/>\nBastu &amp; After ride<br \/>\n19.00 MIDDAG<\/p>\n<p><span style=\"text-decoration: underline;\">S\u00f6ndag<\/span><br \/>\n8.00 FRUKOST<br \/>\nTeori. Ungh\u00e4stridning<br \/>\n10.15 Grupp 1 rider<br \/>\n11.00 Grupp 2 rider<br \/>\n12.00 LUNCH<br \/>\n14.00 Pass 2 <em>alla rider samtidigt<\/em><br \/>\nAVSLUT<\/p>\n<p><a href=\"http:\/\/broloten.se\/?attachment_id=1529\" rel=\"attachment wp-att-1529\"><img loading=\"lazy\" decoding=\"async\" class=\"alignnone size-medium wp-image-1529\" src=\"http:\/\/broloten.se\/wp-content\/uploads\/\/2013\/02\/DSC2249-300x200.jpg\" alt=\"_DSC2249\" width=\"300\" height=\"200\" srcset=\"http:\/\/broloten.se\/wp-content\/uploads\/2013\/02\/DSC2249-300x200.jpg 300w, http:\/\/broloten.se\/wp-content\/uploads\/2013\/02\/DSC2249-449x300.jpg 449w, http:\/\/broloten.se\/wp-content\/uploads\/2013\/02\/DSC2249.jpg 999w\" sizes=\"auto, (max-width: 300px) 100vw, 300px\" \/><\/a> <a href=\"http:\/\/broloten.se\/?attachment_id=1530\" rel=\"attachment wp-att-1530\"><img loading=\"lazy\" decoding=\"async\" class=\"alignnone size-medium wp-image-1530\" src=\"http:\/\/broloten.se\/wp-content\/uploads\/\/2013\/02\/DSC2930-300x200.jpg\" alt=\"_DSC2930\" width=\"300\" height=\"200\" srcset=\"http:\/\/broloten.se\/wp-content\/uploads\/2013\/02\/DSC2930-300x200.jpg 300w, http:\/\/broloten.se\/wp-content\/uploads\/2013\/02\/DSC2930-449x300.jpg 449w, http:\/\/broloten.se\/wp-content\/uploads\/2013\/02\/DSC2930.jpg 999w\" sizes=\"auto, (max-width: 300px) 100vw, 300px\" \/><\/a><\/p>\n","protected":false},"excerpt":{"rendered":"<p>Hur en weekendkurs kan se ut Fredag 14.00-15.00 Ankomst 15.00 Fika och presentation av Brol\u00f6ten och v\u00e5r verksamhet. Indelning av grupper. 16.15 Grupp 1 rider Utan egna h\u00e4star 17.00 Grupp 2 rider Egna h\u00e4star Eventuellt 3 grupper beroende p\u00e5 antalet deltagare. Bastu &amp; after ride 19.30 MIDDAG tre r\u00e4tters Vi g\u00f6r gemensamt schema f\u00f6r l\u00f6rdagen. \u00d6vernattning i enkel alt. dubbelrum L\u00f6rdag 8.00 FRUKOST Teori. Christian och Emelie rider. Allt ifr\u00e5n ungh\u00e4st till GP. 10.30 Grupp 1 rider 11.15 Grupp 2 rider 12.30 LUNCH Dressyr video 14.30 FIKA med hembakat br\u00f6d Teori. Ridl\u00e4ra sits 16.00 Sitstr\u00e4ning Longering Bastu &amp; After ride 19.00 MIDDAG S\u00f6ndag 8.00 FRUKOST Teori. Ungh\u00e4stridning 10.15 Grupp 1 rider 11.00 Grupp 2 rider 12.00 LUNCH 14.00 Pass 2 alla rider samtidigt AVSLUT<\/p>\n","protected":false},"author":2,"featured_media":1562,"parent":0,"menu_order":0,"comment_status":"closed","ping_status":"closed","template":"","meta":{"footnotes":""},"class_list":["post-537","page","type-page","status-publish","has-post-thumbnail"],"_links":{"self":[{"href":"http:\/\/broloten.se\/index.php?rest_route=\/wp\/v2\/pages\/537","targetHints":{"allow":["GET"]}}],"collection":[{"href":"http:\/\/broloten.se\/index.php?rest_route=\/wp\/v2\/pages"}],"about":[{"href":"http:\/\/broloten.se\/index.php?rest_route=\/wp\/v2\/types\/page"}],"author":[{"embeddable":true,"href":"http:\/\/broloten.se\/index.php?rest_route=\/wp\/v2\/users\/2"}],"replies":[{"embeddable":true,"href":"http:\/\/broloten.se\/index.php?rest_route=%2Fwp%2Fv2%2Fcomments&post=537"}],"version-history":[{"count":6,"href":"http:\/\/broloten.se\/index.php?rest_route=\/wp\/v2\/pages\/537\/revisions"}],"predecessor-version":[{"id":3560,"href":"http:\/\/broloten.se\/index.php?rest_route=\/wp\/v2\/pages\/537\/revisions\/3560"}],"wp:featuredmedia":[{"embeddable":true,"href":"http:\/\/broloten.se\/index.php?rest_route=\/wp\/v2\/media\/1562"}],"wp:attachment":[{"href":"http:\/\/broloten.se\/index.php?rest_route=%2Fwp%2Fv2%2Fmedia&parent=537"}],"curies":[{"name":"wp","href":"https:\/\/api.w.org\/{rel}","templated":true}]}}