{"id":793,"date":"2014-01-05T23:13:52","date_gmt":"2014-01-05T22:13:52","guid":{"rendered":"http:\/\/www.broloten.se\/?page_id=793"},"modified":"2021-03-09T13:18:59","modified_gmt":"2021-03-09T12:18:59","slug":"till-dig-som-anmalt-dig","status":"publish","type":"page","link":"http:\/\/broloten.se\/?page_id=793","title":{"rendered":"Till dig som anm\u00e4lt dig"},"content":{"rendered":"<p><a href=\"http:\/\/broloten.se\/?attachment_id=1573\" rel=\"attachment wp-att-1573\"><img loading=\"lazy\" decoding=\"async\" class=\"alignnone size-medium wp-image-1573\" src=\"http:\/\/broloten.se\/wp-content\/uploads\/\/2014\/01\/DSC2612-300x200.jpg\" alt=\"_DSC2612\" width=\"300\" height=\"200\" srcset=\"http:\/\/broloten.se\/wp-content\/uploads\/2014\/01\/DSC2612-300x200.jpg 300w, http:\/\/broloten.se\/wp-content\/uploads\/2014\/01\/DSC2612-449x300.jpg 449w, http:\/\/broloten.se\/wp-content\/uploads\/2014\/01\/DSC2612.jpg 999w\" sizes=\"auto, (max-width: 300px) 100vw, 300px\" \/><\/a><a href=\"http:\/\/broloten.se\/?attachment_id=1575\" rel=\"attachment wp-att-1575\"><img loading=\"lazy\" decoding=\"async\" class=\"alignnone size-medium wp-image-1575\" src=\"http:\/\/broloten.se\/wp-content\/uploads\/\/2014\/01\/DSC2741-300x200.jpg\" alt=\"_DSC2741\" width=\"300\" height=\"200\" srcset=\"http:\/\/broloten.se\/wp-content\/uploads\/2014\/01\/DSC2741-300x200.jpg 300w, http:\/\/broloten.se\/wp-content\/uploads\/2014\/01\/DSC2741-449x300.jpg 449w, http:\/\/broloten.se\/wp-content\/uploads\/2014\/01\/DSC2741.jpg 999w\" sizes=\"auto, (max-width: 300px) 100vw, 300px\" \/><\/a><br \/>\nVad kul att du vill komma till oss f\u00f6r ett fartfyllt och vidareutvecklade ridl\u00e4ger. H\u00e4r kommer information till dig som anm\u00e4lt sig till n\u00e5got av v\u00e5ra ridl\u00e4ger!<\/p>\n<p><strong>Utrustning<\/strong><br \/>\nS\u00e4ngkl\u00e4der (p\u00e5slakan, underlakan, \u00f6rngott), handduk, badlakan, badkl\u00e4der, regnkl\u00e4der, ridkl\u00e4der, gummist\u00f6vlar, ridst\u00f6vlar, ev. sporrar, o\u00f6mma kl\u00e4der, varm tr\u00f6ja. Toalettartiklar, myggstift, ridhj\u00e4lm, anteckningsblock, och ev. tv\u00e4ttmedel.<\/p>\n<p><em>Kom ih\u00e5g att vi rekommenderar m\u00e4rkning av all utrustning. All utrustning ska ocks\u00e5 vara tv\u00e4ttad med tanke p\u00e5 smittorisk.<\/em><br \/>\n<img loading=\"lazy\" decoding=\"async\" class=\"alignnone wp-image-1576 size-full\" src=\"http:\/\/broloten.se\/wp-content\/uploads\/\/2014\/01\/DSC3167.jpg\" alt=\"_DSC3167\" width=\"999\" height=\"667\" srcset=\"http:\/\/broloten.se\/wp-content\/uploads\/2014\/01\/DSC3167.jpg 999w, http:\/\/broloten.se\/wp-content\/uploads\/2014\/01\/DSC3167-300x200.jpg 300w, http:\/\/broloten.se\/wp-content\/uploads\/2014\/01\/DSC3167-449x300.jpg 449w\" sizes=\"auto, (max-width: 999px) 100vw, 999px\" \/><br \/>\n<em>F\u00f6r er med egen h\u00e4st:<\/em><br \/>\nTr\u00e4ns, sadel, benlindor och el. benskydd, dressyrsp\u00f6, ev. sporrar, longerlina, ryktsaker, sjukv\u00e5rdsartiklar, knoppgummisnoddar, foderhinkar och foderp\u00e5sar (ikea-kassar).<br \/>\nFoder s\u00e5 som h\u00f6silage, h\u00f6 och havre ing\u00e5r men det \u00e4r bra att ha med lite h\u00f6 till \u00f6verg\u00e5ngen, \u00f6vriga tillskott medtag sj\u00e4lva.<\/p>\n<p><strong>Ankomst<\/strong><br \/>\nP\u00e5 ankomstdagen \u00e4r ni v\u00e4lkomna att anl\u00e4nda till g\u00e5rden mellan 14-15 F\u00f6r att g\u00f6ra er och ev. h\u00e4st hemmastadda innan det \u00e4r dags f\u00f6r fika samt utdelning av h\u00e4star. D\u00e4refter v\u00e4ntar en rundtur i stallarna och det f\u00f6rsta dressyrpasset f\u00f6r n\u00e5gon av v\u00e5ra instrukt\u00f6rer. P\u00e5 kv\u00e4llen g\u00f6rs sedan schemat f\u00f6r resten av veckan. <a title=\"Hur ett ridl\u00e4ger kan se ut\" href=\"http:\/\/www.broloten.se\/?page_id=765\">H\u00e4r<\/a> kan du se ett exempel p\u00e5 hur schemat kan se ut.<\/p>\n<p><a href=\"http:\/\/broloten.se\/?attachment_id=1578\" rel=\"attachment wp-att-1578\"><img loading=\"lazy\" decoding=\"async\" class=\"alignnone size-medium wp-image-1578\" src=\"http:\/\/broloten.se\/wp-content\/uploads\/\/2014\/01\/DSC3681-300x200.jpg\" alt=\"_DSC3681\" width=\"300\" height=\"200\" srcset=\"http:\/\/broloten.se\/wp-content\/uploads\/2014\/01\/DSC3681-300x200.jpg 300w, http:\/\/broloten.se\/wp-content\/uploads\/2014\/01\/DSC3681-449x300.jpg 449w, http:\/\/broloten.se\/wp-content\/uploads\/2014\/01\/DSC3681.jpg 999w\" sizes=\"auto, (max-width: 300px) 100vw, 300px\" \/><\/a><a href=\"http:\/\/broloten.se\/?attachment_id=1579\" rel=\"attachment wp-att-1579\"><img loading=\"lazy\" decoding=\"async\" class=\"alignnone size-medium wp-image-1579\" src=\"http:\/\/broloten.se\/wp-content\/uploads\/\/2014\/01\/DSC3540-300x200.jpg\" alt=\"_DSC3540\" width=\"300\" height=\"200\" srcset=\"http:\/\/broloten.se\/wp-content\/uploads\/2014\/01\/DSC3540-300x200.jpg 300w, http:\/\/broloten.se\/wp-content\/uploads\/2014\/01\/DSC3540-449x300.jpg 449w, http:\/\/broloten.se\/wp-content\/uploads\/2014\/01\/DSC3540.jpg 999w\" sizes=\"auto, (max-width: 300px) 100vw, 300px\" \/><\/a><\/p>\n","protected":false},"excerpt":{"rendered":"<p>Vad kul att du vill komma till oss f\u00f6r ett fartfyllt och vidareutvecklade ridl\u00e4ger. H\u00e4r kommer information till dig som anm\u00e4lt sig till n\u00e5got av v\u00e5ra ridl\u00e4ger! Utrustning S\u00e4ngkl\u00e4der (p\u00e5slakan, underlakan, \u00f6rngott), handduk, badlakan, badkl\u00e4der, regnkl\u00e4der, ridkl\u00e4der, gummist\u00f6vlar, ridst\u00f6vlar, ev. sporrar, o\u00f6mma kl\u00e4der, varm tr\u00f6ja. Toalettartiklar, myggstift, ridhj\u00e4lm, anteckningsblock, och ev. tv\u00e4ttmedel. Kom ih\u00e5g att vi rekommenderar m\u00e4rkning av all utrustning. All utrustning ska ocks\u00e5 vara tv\u00e4ttad med tanke p\u00e5 smittorisk. F\u00f6r er med egen h\u00e4st: Tr\u00e4ns, sadel, benlindor och el. benskydd, dressyrsp\u00f6, ev. sporrar, longerlina, ryktsaker, sjukv\u00e5rdsartiklar, knoppgummisnoddar, foderhinkar och foderp\u00e5sar (ikea-kassar). Foder s\u00e5 som h\u00f6silage, h\u00f6 och havre ing\u00e5r men det \u00e4r bra att ha med lite h\u00f6 till \u00f6verg\u00e5ngen, \u00f6vriga tillskott medtag sj\u00e4lva. Ankomst P\u00e5 ankomstdagen \u00e4r ni v\u00e4lkomna att anl\u00e4nda till g\u00e5rden mellan 14-15 F\u00f6r att g\u00f6ra er och ev. h\u00e4st hemmastadda innan det \u00e4r dags f\u00f6r fika samt utdelning av h\u00e4star. D\u00e4refter v\u00e4ntar en rundtur&hellip;<\/p>\n<p> <a class=\"more-link\" href=\"http:\/\/broloten.se\/?page_id=793\">L\u00e4s mer<\/a><\/p>\n","protected":false},"author":2,"featured_media":0,"parent":0,"menu_order":0,"comment_status":"closed","ping_status":"closed","template":"","meta":{"footnotes":""},"class_list":["post-793","page","type-page","status-publish"],"_links":{"self":[{"href":"http:\/\/broloten.se\/index.php?rest_route=\/wp\/v2\/pages\/793","targetHints":{"allow":["GET"]}}],"collection":[{"href":"http:\/\/broloten.se\/index.php?rest_route=\/wp\/v2\/pages"}],"about":[{"href":"http:\/\/broloten.se\/index.php?rest_route=\/wp\/v2\/types\/page"}],"author":[{"embeddable":true,"href":"http:\/\/broloten.se\/index.php?rest_route=\/wp\/v2\/users\/2"}],"replies":[{"embeddable":true,"href":"http:\/\/broloten.se\/index.php?rest_route=%2Fwp%2Fv2%2Fcomments&post=793"}],"version-history":[{"count":18,"href":"http:\/\/broloten.se\/index.php?rest_route=\/wp\/v2\/pages\/793\/revisions"}],"predecessor-version":[{"id":2545,"href":"http:\/\/broloten.se\/index.php?rest_route=\/wp\/v2\/pages\/793\/revisions\/2545"}],"wp:attachment":[{"href":"http:\/\/broloten.se\/index.php?rest_route=%2Fwp%2Fv2%2Fmedia&parent=793"}],"curies":[{"name":"wp","href":"https:\/\/api.w.org\/{rel}","templated":true}]}}