{"id":249,"date":"2013-01-05T16:29:42","date_gmt":"2013-01-05T15:29:42","guid":{"rendered":"http:\/\/www.broloten.se\/?page_id=249"},"modified":"2024-01-29T16:47:47","modified_gmt":"2024-01-29T15:47:47","slug":"boende","status":"publish","type":"page","link":"https:\/\/broloten.se\/?page_id=249","title":{"rendered":"Boende"},"content":{"rendered":"\n<p class=\"has-text-align-center\"><strong>RUMMEN<\/strong><\/p>\n\n\n\n<p class=\"has-text-align-center\">Rummen \u00e4r bel\u00e4gna i flera charmiga hus och \u00e4r alla olika. Dusch och toalett finns i anslutning till alla rum.<br>Ett bra samarbete finns ocks\u00e5 med en n\u00e4rliggande kursg\u00e5rd, om gruppen \u00e4r v\u00e4ldigt stor.<\/p>\n\n\n\n<p class=\"has-text-align-center\">F\u00f6r dig som \u00e4r allergisk har vi rum d\u00e4r djur ej f\u00e5r vistas i.<\/p>\n\n\n\n<figure class=\"wp-block-gallery has-nested-images columns-default is-cropped wp-block-gallery-1 is-layout-flex wp-block-gallery-is-layout-flex\">\n<figure class=\"wp-block-image size-large\"><img loading=\"lazy\" decoding=\"async\" width=\"681\" height=\"1024\" data-id=\"3346\" src=\"http:\/\/broloten.se\/wp-content\/uploads\/\/2022\/09\/weekend-rum--681x1024.jpg\" alt=\"\" class=\"wp-image-3346\" srcset=\"https:\/\/broloten.se\/wp-content\/uploads\/2022\/09\/weekend-rum--681x1024.jpg 681w, https:\/\/broloten.se\/wp-content\/uploads\/2022\/09\/weekend-rum--200x300.jpg 200w, https:\/\/broloten.se\/wp-content\/uploads\/2022\/09\/weekend-rum--768x1154.jpg 768w, https:\/\/broloten.se\/wp-content\/uploads\/2022\/09\/weekend-rum--1022x1536.jpg 1022w, https:\/\/broloten.se\/wp-content\/uploads\/2022\/09\/weekend-rum--1363x2048.jpg 1363w, https:\/\/broloten.se\/wp-content\/uploads\/2022\/09\/weekend-rum--scaled.jpg 1703w\" sizes=\"auto, (max-width: 681px) 100vw, 681px\" \/><figcaption class=\"wp-element-caption\">Dubbelrum vid ridhus<\/figcaption><\/figure>\n\n\n\n<figure class=\"wp-block-image size-large\"><img loading=\"lazy\" decoding=\"async\" width=\"1024\" height=\"681\" data-id=\"3343\" src=\"http:\/\/broloten.se\/wp-content\/uploads\/\/2022\/09\/sexbadds-1024x681.jpg\" alt=\"\" class=\"wp-image-3343\" srcset=\"https:\/\/broloten.se\/wp-content\/uploads\/2022\/09\/sexbadds-1024x681.jpg 1024w, https:\/\/broloten.se\/wp-content\/uploads\/2022\/09\/sexbadds-300x200.jpg 300w, https:\/\/broloten.se\/wp-content\/uploads\/2022\/09\/sexbadds-768x511.jpg 768w, https:\/\/broloten.se\/wp-content\/uploads\/2022\/09\/sexbadds-1536x1022.jpg 1536w, https:\/\/broloten.se\/wp-content\/uploads\/2022\/09\/sexbadds-2048x1363.jpg 2048w\" sizes=\"auto, (max-width: 1024px) 100vw, 1024px\" \/><figcaption class=\"wp-element-caption\">Sexb\u00e4ddsrummet<\/figcaption><\/figure>\n\n\n\n<figure class=\"wp-block-image size-large\"><img loading=\"lazy\" decoding=\"async\" width=\"1024\" height=\"681\" data-id=\"3341\" src=\"http:\/\/broloten.se\/wp-content\/uploads\/\/2022\/09\/rum-weekend-1024x681.jpg\" alt=\"\" class=\"wp-image-3341\" srcset=\"https:\/\/broloten.se\/wp-content\/uploads\/2022\/09\/rum-weekend-1024x681.jpg 1024w, https:\/\/broloten.se\/wp-content\/uploads\/2022\/09\/rum-weekend-300x200.jpg 300w, https:\/\/broloten.se\/wp-content\/uploads\/2022\/09\/rum-weekend-768x511.jpg 768w, https:\/\/broloten.se\/wp-content\/uploads\/2022\/09\/rum-weekend-1536x1022.jpg 1536w, https:\/\/broloten.se\/wp-content\/uploads\/2022\/09\/rum-weekend-2048x1363.jpg 2048w\" sizes=\"auto, (max-width: 1024px) 100vw, 1024px\" \/><figcaption class=\"wp-element-caption\">Dubbelrum vid ridhus<\/figcaption><\/figure>\n<\/figure>\n\n\n\n<p class=\"has-text-align-center\"><strong>RELAX &amp; SPA<\/strong><\/p>\n\n\n\n<p class=\"has-text-align-center\">I anslutning till ridhuset har vi en spa och relaxavdelning med bastu och Jacuzzi. Uppe hos familjen Brolin har vi ocks\u00e5 en pool och Jacuzzi med utsikt \u00f6ver B\u00e5ven som anv\u00e4nds flitigt under sommarens kurser.<\/p>\n\n\n\n<figure class=\"wp-block-gallery has-nested-images columns-default is-cropped wp-block-gallery-2 is-layout-flex wp-block-gallery-is-layout-flex\">\n<figure class=\"wp-block-image size-large\"><img loading=\"lazy\" decoding=\"async\" width=\"999\" height=\"667\" data-id=\"1624\" src=\"http:\/\/broloten.se\/wp-content\/uploads\/\/2013\/01\/DSC3090.jpg\" alt=\"\" class=\"wp-image-1624\" srcset=\"https:\/\/broloten.se\/wp-content\/uploads\/2013\/01\/DSC3090.jpg 999w, https:\/\/broloten.se\/wp-content\/uploads\/2013\/01\/DSC3090-300x200.jpg 300w, https:\/\/broloten.se\/wp-content\/uploads\/2013\/01\/DSC3090-449x300.jpg 449w\" sizes=\"auto, (max-width: 999px) 100vw, 999px\" \/><figcaption class=\"wp-element-caption\">After-ride i v\u00e5rt utespa<\/figcaption><\/figure>\n\n\n\n<figure class=\"wp-block-image size-large\"><img loading=\"lazy\" decoding=\"async\" width=\"999\" height=\"667\" data-id=\"1623\" src=\"http:\/\/broloten.se\/wp-content\/uploads\/\/2013\/01\/DSC3078.jpg\" alt=\"\" class=\"wp-image-1623\" srcset=\"https:\/\/broloten.se\/wp-content\/uploads\/2013\/01\/DSC3078.jpg 999w, https:\/\/broloten.se\/wp-content\/uploads\/2013\/01\/DSC3078-300x200.jpg 300w, https:\/\/broloten.se\/wp-content\/uploads\/2013\/01\/DSC3078-449x300.jpg 449w\" sizes=\"auto, (max-width: 999px) 100vw, 999px\" \/><figcaption class=\"wp-element-caption\">Stor pool<\/figcaption><\/figure>\n\n\n\n<figure class=\"wp-block-image size-large\"><img loading=\"lazy\" decoding=\"async\" width=\"1024\" height=\"681\" data-id=\"3344\" src=\"http:\/\/broloten.se\/wp-content\/uploads\/\/2022\/09\/spa-1024x681.jpg\" alt=\"\" class=\"wp-image-3344\" srcset=\"https:\/\/broloten.se\/wp-content\/uploads\/2022\/09\/spa-1024x681.jpg 1024w, https:\/\/broloten.se\/wp-content\/uploads\/2022\/09\/spa-300x200.jpg 300w, https:\/\/broloten.se\/wp-content\/uploads\/2022\/09\/spa-768x511.jpg 768w, https:\/\/broloten.se\/wp-content\/uploads\/2022\/09\/spa-1536x1022.jpg 1536w, https:\/\/broloten.se\/wp-content\/uploads\/2022\/09\/spa-2048x1363.jpg 2048w\" sizes=\"auto, (max-width: 1024px) 100vw, 1024px\" \/><figcaption class=\"wp-element-caption\">Spabad inomhus<\/figcaption><\/figure>\n<\/figure>\n\n\n<p style=\"text-align: center;\"><strong>RESTAURANGEN<\/strong><\/p>\n<p>Restaurang och k\u00f6k ligger i anslutning och med utsikt \u00f6ver ridhuset. Bar, soffgrupp och TV finns p\u00e5 samma v\u00e5ningsplan.\u00a0<\/p>\n<p><img loading=\"lazy\" decoding=\"async\" class=\"aligncenter wp-image-3353 size-full\" src=\"http:\/\/broloten.se\/wp-content\/uploads\/\/2022\/09\/restaurang-2-scaled.jpg\" alt=\"\" width=\"2560\" height=\"1703\" srcset=\"https:\/\/broloten.se\/wp-content\/uploads\/2022\/09\/restaurang-2-scaled.jpg 2560w, https:\/\/broloten.se\/wp-content\/uploads\/2022\/09\/restaurang-2-300x200.jpg 300w, https:\/\/broloten.se\/wp-content\/uploads\/2022\/09\/restaurang-2-1024x681.jpg 1024w, https:\/\/broloten.se\/wp-content\/uploads\/2022\/09\/restaurang-2-768x511.jpg 768w, https:\/\/broloten.se\/wp-content\/uploads\/2022\/09\/restaurang-2-1536x1022.jpg 1536w, https:\/\/broloten.se\/wp-content\/uploads\/2022\/09\/restaurang-2-2048x1363.jpg 2048w\" sizes=\"auto, (max-width: 2560px) 100vw, 2560px\" \/><\/p>\n<p style=\"text-align: center;\"><strong>BADPLATS<\/strong><\/p>\n<p style=\"text-align: center;\">Precis intill Brol\u00f6ten ligger sj\u00f6n B\u00e5ven d\u00e4r vi har en egen brygga.<\/p>\n<p><img loading=\"lazy\" decoding=\"async\" class=\"aligncenter wp-image-3368 size-full\" src=\"http:\/\/broloten.se\/wp-content\/uploads\/\/2022\/09\/Anlaggning-baven-scaled.jpg\" alt=\"\" width=\"2560\" height=\"1703\" srcset=\"https:\/\/broloten.se\/wp-content\/uploads\/2022\/09\/Anlaggning-baven-scaled.jpg 2560w, https:\/\/broloten.se\/wp-content\/uploads\/2022\/09\/Anlaggning-baven-300x200.jpg 300w, https:\/\/broloten.se\/wp-content\/uploads\/2022\/09\/Anlaggning-baven-1024x681.jpg 1024w, https:\/\/broloten.se\/wp-content\/uploads\/2022\/09\/Anlaggning-baven-768x511.jpg 768w, https:\/\/broloten.se\/wp-content\/uploads\/2022\/09\/Anlaggning-baven-1536x1022.jpg 1536w, https:\/\/broloten.se\/wp-content\/uploads\/2022\/09\/Anlaggning-baven-2048x1363.jpg 2048w\" sizes=\"auto, (max-width: 2560px) 100vw, 2560px\" \/><\/p>\n\n\n<div class=\"wp-block-columns is-layout-flex wp-container-core-columns-is-layout-9d6595d7 wp-block-columns-is-layout-flex\">\n<div class=\"wp-block-column is-layout-flow wp-block-column-is-layout-flow\" style=\"flex-basis:100%\"><\/div>\n<\/div>\n\n\n\n<p><\/p>\n","protected":false},"excerpt":{"rendered":"<p>RUMMEN Rummen \u00e4r bel\u00e4gna i flera charmiga hus och \u00e4r alla olika. Dusch och toalett finns i anslutning till alla rum.Ett bra samarbete finns ocks\u00e5 med en n\u00e4rliggande kursg\u00e5rd, om gruppen \u00e4r v\u00e4ldigt stor. F\u00f6r dig som \u00e4r allergisk har vi rum d\u00e4r djur ej f\u00e5r vistas i. RELAX &amp; SPA I anslutning till ridhuset har vi en spa och relaxavdelning med bastu och Jacuzzi. Uppe hos familjen Brolin har vi ocks\u00e5 en pool och Jacuzzi med utsikt \u00f6ver B\u00e5ven som anv\u00e4nds flitigt under sommarens kurser. RESTAURANGEN Restaurang och k\u00f6k ligger i anslutning och med utsikt \u00f6ver ridhuset. Bar, soffgrupp och TV finns p\u00e5 samma v\u00e5ningsplan.\u00a0 BADPLATS Precis intill Brol\u00f6ten ligger sj\u00f6n B\u00e5ven d\u00e4r vi har en egen brygga.<\/p>\n","protected":false},"author":2,"featured_media":1490,"parent":0,"menu_order":0,"comment_status":"closed","ping_status":"closed","template":"","meta":{"footnotes":""},"class_list":["post-249","page","type-page","status-publish","has-post-thumbnail"],"_links":{"self":[{"href":"https:\/\/broloten.se\/index.php?rest_route=\/wp\/v2\/pages\/249","targetHints":{"allow":["GET"]}}],"collection":[{"href":"https:\/\/broloten.se\/index.php?rest_route=\/wp\/v2\/pages"}],"about":[{"href":"https:\/\/broloten.se\/index.php?rest_route=\/wp\/v2\/types\/page"}],"author":[{"embeddable":true,"href":"https:\/\/broloten.se\/index.php?rest_route=\/wp\/v2\/users\/2"}],"replies":[{"embeddable":true,"href":"https:\/\/broloten.se\/index.php?rest_route=%2Fwp%2Fv2%2Fcomments&post=249"}],"version-history":[{"count":22,"href":"https:\/\/broloten.se\/index.php?rest_route=\/wp\/v2\/pages\/249\/revisions"}],"predecessor-version":[{"id":3722,"href":"https:\/\/broloten.se\/index.php?rest_route=\/wp\/v2\/pages\/249\/revisions\/3722"}],"wp:featuredmedia":[{"embeddable":true,"href":"https:\/\/broloten.se\/index.php?rest_route=\/wp\/v2\/media\/1490"}],"wp:attachment":[{"href":"https:\/\/broloten.se\/index.php?rest_route=%2Fwp%2Fv2%2Fmedia&parent=249"}],"curies":[{"name":"wp","href":"https:\/\/api.w.org\/{rel}","templated":true}]}}