{"id":2982,"date":"2021-11-16T19:09:23","date_gmt":"2021-11-16T18:09:23","guid":{"rendered":"http:\/\/broloten.se\/?page_id=2982"},"modified":"2026-03-17T19:41:14","modified_gmt":"2026-03-17T18:41:14","slug":"instruktorer","status":"publish","type":"page","link":"https:\/\/broloten.se\/?page_id=2982","title":{"rendered":"Instrukt\u00f6rer"},"content":{"rendered":"\n<p class=\"has-text-align-center\">P\u00e5 Brol\u00f6ten har vi ett par noga utvalda instrukt\u00f6rer och vi anpassar alltid instrukt\u00f6r efter inneh\u00e5ll. Nedan listar vi n\u00e5gra personer som du kan komma att f\u00e5 m\u00f6ta under din vistelse hos oss. <\/p>\n\n\n\n<div class=\"wp-block-media-text alignwide is-stacked-on-mobile\" style=\"grid-template-columns:26% auto\"><figure class=\"wp-block-media-text__media\"><img loading=\"lazy\" decoding=\"async\" width=\"350\" height=\"515\" src=\"http:\/\/broloten.se\/wp-content\/uploads\/\/2012\/12\/DSC_04812.jpg\" alt=\"\" class=\"wp-image-1139 size-full\" srcset=\"https:\/\/broloten.se\/wp-content\/uploads\/2012\/12\/DSC_04812.jpg 350w, https:\/\/broloten.se\/wp-content\/uploads\/2012\/12\/DSC_04812-203x300.jpg 203w\" sizes=\"auto, (max-width: 350px) 100vw, 350px\" \/><\/figure><div class=\"wp-block-media-text__content\">\n<p><strong>Emelie Brolin<\/strong><br>Emelie har&nbsp;en l\u00e5ng och framg\u00e5ngsrik t\u00e4vlingskarri\u00e4r som dressyrryttare.&nbsp;F\u00f6rst som ungdomsryttare och nu som senior i Grand Prix. Emelie har ocks\u00e5 matchat ett stort antal ungh\u00e4star till final i&nbsp;Falsterbo och Flyinge. Hon har representerat Sverige p\u00e5 Ungh\u00e4st VM 2019. Emelie har ocks\u00e5 tagit fram tv\u00e5 godk\u00e4nda hingstar p\u00e5 Bruksprovet 2018 och 2021.<br><br>Emelie \u00e4r B-tr\u00e4nare i dressyr och h\u00e5ller i m\u00e5nga tr\u00e4ningar, b\u00e5de p\u00e5 Brol\u00f6ten och p\u00e5 olika platser runt om i landet. Hon tr\u00e4nar flera ponnyryttare och juniorer som tagit medaljer p\u00e5 m\u00e4sterskap.<\/p>\n<\/div><\/div>\n\n\n\n<div class=\"wp-block-media-text alignwide has-media-on-the-right is-stacked-on-mobile\" style=\"grid-template-columns:auto 35%\"><div class=\"wp-block-media-text__content\">\n<p><strong>Martina<\/strong><br>C-tr\u00e4nare och diplomerad h\u00e4stsk\u00f6tare f\u00f6dd 2000. Jag har jobbat p\u00e5 Brol\u00f6ten sedan v\u00e5ren 2020 och \u00e4r numera stallchef. P\u00e5 Brol\u00f6ten har jag ridit, utbildat och t\u00e4vlat m\u00e5nga ponnyer, men har nu g\u00e5tt \u00f6ver mer till att tr\u00e4na och t\u00e4vla storh\u00e4starna. Just nu f\u00e5r jag tr\u00e4na och t\u00e4vla l\u00e4rom\u00e4staren och Emelies gamla stj\u00e4rna &#8211; Briman, vi t\u00e4vlar p\u00e5 MSV-niv\u00e5.<\/p>\n<\/div><figure class=\"wp-block-media-text__media\"><img loading=\"lazy\" decoding=\"async\" width=\"768\" height=\"1024\" src=\"http:\/\/broloten.se\/wp-content\/uploads\/\/2021\/11\/PHOTO-2021-11-10-14-46-27-768x1024.jpg\" alt=\"\" class=\"wp-image-2983 size-full\" srcset=\"https:\/\/broloten.se\/wp-content\/uploads\/2021\/11\/PHOTO-2021-11-10-14-46-27-768x1024.jpg 768w, https:\/\/broloten.se\/wp-content\/uploads\/2021\/11\/PHOTO-2021-11-10-14-46-27-225x300.jpg 225w, https:\/\/broloten.se\/wp-content\/uploads\/2021\/11\/PHOTO-2021-11-10-14-46-27-1152x1536.jpg 1152w, https:\/\/broloten.se\/wp-content\/uploads\/2021\/11\/PHOTO-2021-11-10-14-46-27.jpg 1200w\" sizes=\"auto, (max-width: 768px) 100vw, 768px\" \/><\/figure><\/div>\n\n\n\n<div class=\"wp-block-media-text alignwide is-stacked-on-mobile\" style=\"grid-template-columns:34% auto\"><figure class=\"wp-block-media-text__media\"><img loading=\"lazy\" decoding=\"async\" width=\"609\" height=\"619\" src=\"http:\/\/broloten.se\/wp-content\/uploads\/\/2021\/11\/PHOTO-2021-11-09-12-40-52.jpg\" alt=\"\" class=\"wp-image-2984 size-full\" srcset=\"https:\/\/broloten.se\/wp-content\/uploads\/2021\/11\/PHOTO-2021-11-09-12-40-52.jpg 609w, https:\/\/broloten.se\/wp-content\/uploads\/2021\/11\/PHOTO-2021-11-09-12-40-52-295x300.jpg 295w\" sizes=\"auto, (max-width: 609px) 100vw, 609px\" \/><\/figure><div class=\"wp-block-media-text__content\">\n<p><strong>Irene von Rosen Eklund<\/strong><br>Ridinstrukt\u00f6r med 25 \u00e5rs erfarenhet av undervisning p\u00e5 bl.a. Enskede RS och Eskilstunaortens RF &#8211; alla olika niv\u00e5er av elever b\u00e5de hoppning, dressyr och specialgrupper.&nbsp;<\/p>\n\n\n\n<p>\u00d6verdomare i dressyr, kursledare f\u00f6r Gr\u00f6nt kort och t\u00e4vlar sj\u00e4lv i dressyr p\u00e5 MSV niv\u00e5.<br>Har \u00e4ven tr\u00e4ningar f\u00f6r privat ekipage p\u00e5 olika anl\u00e4ggningar.&nbsp;<\/p>\n\n\n\n<p>M\u00e5let med mina lektioner \u00e4r att f\u00e5 eleverna att k\u00e4nna sig sedda, f\u00e5 en bra k\u00e4nsla och utvecklas som ryttare &#8211; men ocks\u00e5 l\u00e4ra sig bra grunder genom sits och balans.<\/p>\n<\/div><\/div>\n\n\n\n<div class=\"wp-block-media-text alignwide has-media-on-the-right is-stacked-on-mobile\" style=\"grid-template-columns:auto 34%\"><div class=\"wp-block-media-text__content\">\n<p><strong>Linda Strand<\/strong><br>Ridinstrukt\u00f6r med \u00f6ver 30-\u00e5rs erfarenhet av undervisning p\u00e5 s\u00e5v\u00e4l ridskolor, ridl\u00e4ger som av privatekipage.<\/p>\n\n\n\n<p>P\u00e5 mina lektioner ska h\u00e4star och elever ha roligt och utvecklas tillsammans. P\u00e5 ett tydligt och pedagogiskt sett coachas eleverna till att utveckla sina redan f\u00f6rskaffade f\u00e4rdigheter samt s\u00e4tta upp nya m\u00e5l och strategier f\u00f6r nya utmaningar.&nbsp;<\/p>\n<\/div><figure class=\"wp-block-media-text__media\"><img loading=\"lazy\" decoding=\"async\" width=\"1024\" height=\"683\" src=\"http:\/\/broloten.se\/wp-content\/uploads\/\/2026\/03\/Instruktor-1024x683.jpg\" alt=\"\" class=\"wp-image-3838 size-full\" srcset=\"https:\/\/broloten.se\/wp-content\/uploads\/2026\/03\/Instruktor-1024x683.jpg 1024w, https:\/\/broloten.se\/wp-content\/uploads\/2026\/03\/Instruktor-300x200.jpg 300w, https:\/\/broloten.se\/wp-content\/uploads\/2026\/03\/Instruktor-768x512.jpg 768w, https:\/\/broloten.se\/wp-content\/uploads\/2026\/03\/Instruktor-1536x1024.jpg 1536w, https:\/\/broloten.se\/wp-content\/uploads\/2026\/03\/Instruktor.jpg 2048w\" sizes=\"auto, (max-width: 1024px) 100vw, 1024px\" \/><\/figure><\/div>\n","protected":false},"excerpt":{"rendered":"<p>P\u00e5 Brol\u00f6ten har vi ett par noga utvalda instrukt\u00f6rer och vi anpassar alltid instrukt\u00f6r efter inneh\u00e5ll. Nedan listar vi n\u00e5gra personer som du kan komma att f\u00e5 m\u00f6ta under din vistelse hos oss. Emelie BrolinEmelie har&nbsp;en l\u00e5ng och framg\u00e5ngsrik t\u00e4vlingskarri\u00e4r som dressyrryttare.&nbsp;F\u00f6rst som ungdomsryttare och nu som senior i Grand Prix. Emelie har ocks\u00e5 matchat ett stort antal ungh\u00e4star till final i&nbsp;Falsterbo och Flyinge. Hon har representerat Sverige p\u00e5 Ungh\u00e4st VM 2019. Emelie har ocks\u00e5 tagit fram tv\u00e5 godk\u00e4nda hingstar p\u00e5 Bruksprovet 2018 och 2021. Emelie \u00e4r B-tr\u00e4nare i dressyr och h\u00e5ller i m\u00e5nga tr\u00e4ningar, b\u00e5de p\u00e5 Brol\u00f6ten och p\u00e5 olika platser runt om i landet. Hon tr\u00e4nar flera ponnyryttare och juniorer som tagit medaljer p\u00e5 m\u00e4sterskap. MartinaC-tr\u00e4nare och diplomerad h\u00e4stsk\u00f6tare f\u00f6dd 2000. Jag har jobbat p\u00e5 Brol\u00f6ten sedan v\u00e5ren 2020 och \u00e4r numera stallchef. P\u00e5 Brol\u00f6ten har jag ridit, utbildat och t\u00e4vlat m\u00e5nga ponnyer, men har nu g\u00e5tt \u00f6ver&hellip;<\/p>\n<p> <a class=\"more-link\" href=\"https:\/\/broloten.se\/?page_id=2982\">L\u00e4s mer<\/a><\/p>\n","protected":false},"author":2,"featured_media":1681,"parent":0,"menu_order":0,"comment_status":"closed","ping_status":"closed","template":"","meta":{"footnotes":""},"class_list":["post-2982","page","type-page","status-publish","has-post-thumbnail"],"_links":{"self":[{"href":"https:\/\/broloten.se\/index.php?rest_route=\/wp\/v2\/pages\/2982","targetHints":{"allow":["GET"]}}],"collection":[{"href":"https:\/\/broloten.se\/index.php?rest_route=\/wp\/v2\/pages"}],"about":[{"href":"https:\/\/broloten.se\/index.php?rest_route=\/wp\/v2\/types\/page"}],"author":[{"embeddable":true,"href":"https:\/\/broloten.se\/index.php?rest_route=\/wp\/v2\/users\/2"}],"replies":[{"embeddable":true,"href":"https:\/\/broloten.se\/index.php?rest_route=%2Fwp%2Fv2%2Fcomments&post=2982"}],"version-history":[{"count":22,"href":"https:\/\/broloten.se\/index.php?rest_route=\/wp\/v2\/pages\/2982\/revisions"}],"predecessor-version":[{"id":3840,"href":"https:\/\/broloten.se\/index.php?rest_route=\/wp\/v2\/pages\/2982\/revisions\/3840"}],"wp:featuredmedia":[{"embeddable":true,"href":"https:\/\/broloten.se\/index.php?rest_route=\/wp\/v2\/media\/1681"}],"wp:attachment":[{"href":"https:\/\/broloten.se\/index.php?rest_route=%2Fwp%2Fv2%2Fmedia&parent=2982"}],"curies":[{"name":"wp","href":"https:\/\/api.w.org\/{rel}","templated":true}]}}