{"id":40,"date":"2012-12-10T15:23:38","date_gmt":"2012-12-10T14:23:38","guid":{"rendered":"http:\/\/www.broloten.se\/?page_id=40"},"modified":"2023-06-07T09:42:28","modified_gmt":"2023-06-07T08:42:28","slug":"broloten","status":"publish","type":"page","link":"https:\/\/broloten.se\/","title":{"rendered":"V\u00e4lkommen till Brol\u00f6ten!"},"content":{"rendered":"<p><span style=\"font-size: inherit; text-align: center;\">Brol\u00f6ten ligger vackert placerat mellan Gnesta och Flen med sj\u00f6n B\u00e5ven som n\u00e4rmsta granne. I denna underbara milj\u00f6 finns det m\u00f6jlighet att komma p\u00e5 <\/span><a style=\"font-size: inherit; text-align: center;\" href=\"http:\/\/broloten.se\/?page_id=926\"><strong>dressyrkurs<\/strong><\/a><span style=\"font-size: inherit; text-align: center;\"> med egen h\u00e4st eller l\u00e5na en av v\u00e5ra v\u00e4lutbildade kursh\u00e4star. P\u00e5 sommaren anordnar vi v\u00e5ra popul\u00e4ra <strong><a href=\"http:\/\/broloten.se\/?page_id=752\">ridl\u00e4ger<\/a><\/strong> om ger ungdomarna en of\u00f6rgl\u00f6mlig upplevelse!\u00a0\u00a0<\/span><\/p>\n<p><span style=\"font-size: inherit; text-align: center;\">Varje dag \u00e5ret om finns det\u00a0<\/span><strong><a style=\"font-size: inherit; text-align: center;\" href=\"http:\/\/broloten.se\/?page_id=249\">bed&amp;breakfast<\/a><\/strong><span style=\"font-size: inherit; text-align: center;\"> tillg\u00e4ngligt och <\/span><span style=\"font-size: revert;\">Brol\u00f6ten arrangerar \u00e4ven\u00a0<\/span><strong><a style=\"font-size: revert;\" href=\"http:\/\/broloten.se\/?page_id=32\">konferenser<\/a><\/strong><span style=\"font-size: revert;\">\u00a0efter \u00f6nskem\u00e5l.<\/span><\/p>\n<p><center><\/p>\n<p style=\"text-align: center;\"><em>&#8221;Mina erfarenheter efter att ha \u00e5kt till Brol\u00f6ten under tio \u00e5rs tid \u00e4r inte annat \u00e4n mycket positiva. Den familj\u00e4ra st\u00e4mningen som hela familjen Brolin st\u00e5r f\u00f6r. Sammanfattningsvis har jag helt enkelt haft det toppen under alla mina vistelser p\u00e5 Brol\u00f6ten och jag kommer \u00e5terv\u00e4nda flera g\u00e5nger igen. &#8211; Helena&#8221;<\/em><\/p>\n<p><\/center><\/p>\n","protected":false},"excerpt":{"rendered":"<p>Brol\u00f6ten ligger vackert placerat mellan Gnesta och Flen med sj\u00f6n B\u00e5ven som n\u00e4rmsta granne. I denna underbara milj\u00f6 finns det m\u00f6jlighet att komma p\u00e5 dressyrkurs med egen h\u00e4st eller l\u00e5na en av v\u00e5ra v\u00e4lutbildade kursh\u00e4star. P\u00e5 sommaren anordnar vi v\u00e5ra popul\u00e4ra ridl\u00e4ger om ger ungdomarna en of\u00f6rgl\u00f6mlig upplevelse!\u00a0\u00a0 Varje dag \u00e5ret om finns det\u00a0bed&amp;breakfast tillg\u00e4ngligt och Brol\u00f6ten arrangerar \u00e4ven\u00a0konferenser\u00a0efter \u00f6nskem\u00e5l. &#8221;Mina erfarenheter efter att ha \u00e5kt till Brol\u00f6ten under tio \u00e5rs tid \u00e4r inte annat \u00e4n mycket positiva. Den familj\u00e4ra st\u00e4mningen som hela familjen Brolin st\u00e5r f\u00f6r. Sammanfattningsvis har jag helt enkelt haft det toppen under alla mina vistelser p\u00e5 Brol\u00f6ten och jag kommer \u00e5terv\u00e4nda flera g\u00e5nger igen. &#8211; Helena&#8221;<\/p>\n","protected":false},"author":1,"featured_media":1551,"parent":0,"menu_order":0,"comment_status":"closed","ping_status":"closed","template":"","meta":{"footnotes":""},"class_list":["post-40","page","type-page","status-publish","has-post-thumbnail"],"_links":{"self":[{"href":"https:\/\/broloten.se\/index.php?rest_route=\/wp\/v2\/pages\/40","targetHints":{"allow":["GET"]}}],"collection":[{"href":"https:\/\/broloten.se\/index.php?rest_route=\/wp\/v2\/pages"}],"about":[{"href":"https:\/\/broloten.se\/index.php?rest_route=\/wp\/v2\/types\/page"}],"author":[{"embeddable":true,"href":"https:\/\/broloten.se\/index.php?rest_route=\/wp\/v2\/users\/1"}],"replies":[{"embeddable":true,"href":"https:\/\/broloten.se\/index.php?rest_route=%2Fwp%2Fv2%2Fcomments&post=40"}],"version-history":[{"count":84,"href":"https:\/\/broloten.se\/index.php?rest_route=\/wp\/v2\/pages\/40\/revisions"}],"predecessor-version":[{"id":3606,"href":"https:\/\/broloten.se\/index.php?rest_route=\/wp\/v2\/pages\/40\/revisions\/3606"}],"wp:featuredmedia":[{"embeddable":true,"href":"https:\/\/broloten.se\/index.php?rest_route=\/wp\/v2\/media\/1551"}],"wp:attachment":[{"href":"https:\/\/broloten.se\/index.php?rest_route=%2Fwp%2Fv2%2Fmedia&parent=40"}],"curies":[{"name":"wp","href":"https:\/\/api.w.org\/{rel}","templated":true}]}}