{"id":58,"date":"2012-12-10T15:25:49","date_gmt":"2012-12-10T14:25:49","guid":{"rendered":"http:\/\/www.broloten.se\/?page_id=58"},"modified":"2022-09-12T17:17:31","modified_gmt":"2022-09-12T16:17:31","slug":"anlaggningen","status":"publish","type":"page","link":"https:\/\/broloten.se\/?page_id=58","title":{"rendered":"Anl\u00e4ggningen"},"content":{"rendered":"\n<p class=\"has-text-align-left\">Brol\u00f6tens h\u00e4stsportanl\u00e4ggning \u00e4r komplett f\u00f6r olika h\u00e4stsportaktiviteter som t. ex., t\u00e4vling, tr\u00e4ning, kurser, utst\u00e4llningar,\u00a0clinics\u00a0osv.<\/p>\n\n\n<div class=\"wp-block-image\">\n<figure class=\"aligncenter size-large\"><img loading=\"lazy\" decoding=\"async\" width=\"700\" height=\"377\" src=\"http:\/\/broloten.se\/wp-content\/uploads\/\/2018\/11\/DSC_0744.jpg\" alt=\"\" class=\"wp-image-2214\" srcset=\"https:\/\/broloten.se\/wp-content\/uploads\/2018\/11\/DSC_0744.jpg 700w, https:\/\/broloten.se\/wp-content\/uploads\/2018\/11\/DSC_0744-300x162.jpg 300w, https:\/\/broloten.se\/wp-content\/uploads\/2018\/11\/DSC_0744-500x269.jpg 500w\" sizes=\"auto, (max-width: 700px) 100vw, 700px\" \/><\/figure>\n<\/div>\n\n\n<p class=\"has-text-align-left\"><strong>RIDHUS<\/strong><br>Ridhuset har ridm\u00e5tten 20 * 60 meter, nylagt fiberunderlag med ljusa v\u00e4ggar. I ridhuset finns ocks\u00e5 fullst\u00e4ndig restaurang med pub&nbsp;samt&nbsp;ett&nbsp;antal&nbsp;dubbelrum&nbsp;och&nbsp;en&nbsp;avdelning&nbsp;f\u00f6r&nbsp;relax med bubbelpool.<\/p>\n\n\n<div class=\"wp-block-image\">\n<figure class=\"aligncenter\"><a href=\"http:\/\/www.broloten.se\/?attachment_id=906\" rel=\"attachment wp-att-906\"><img loading=\"lazy\" decoding=\"async\" width=\"3000\" height=\"1987\" src=\"http:\/\/www.broloten.se\/wp-content\/uploads\/\/2012\/12\/DSC2717.jpg\" alt=\"_DSC2717\" class=\"wp-image-906\" srcset=\"https:\/\/broloten.se\/wp-content\/uploads\/2012\/12\/DSC2717.jpg 3000w, https:\/\/broloten.se\/wp-content\/uploads\/2012\/12\/DSC2717-300x198.jpg 300w, https:\/\/broloten.se\/wp-content\/uploads\/2012\/12\/DSC2717-1024x678.jpg 1024w, https:\/\/broloten.se\/wp-content\/uploads\/2012\/12\/DSC2717-452x300.jpg 452w\" sizes=\"auto, (max-width: 3000px) 100vw, 3000px\" \/><\/a><\/figure>\n<\/div>\n\n\n<p class=\"has-text-align-left\"><strong>HAGAR<\/strong><br>Det finns m\u00e5nga och stora beteshagar och flertalet paddockar f\u00f6r h\u00e4star uppstallade p\u00e5 Brol\u00f6ten.<\/p>\n\n\n\n<figure class=\"wp-block-gallery has-nested-images columns-default is-cropped wp-block-gallery-1 is-layout-flex wp-block-gallery-is-layout-flex\">\n<figure class=\"wp-block-image size-large\"><img loading=\"lazy\" decoding=\"async\" width=\"1024\" height=\"681\" data-id=\"3518\" src=\"http:\/\/broloten.se\/wp-content\/uploads\/\/2022\/09\/DSC_0346-1024x681.jpg\" alt=\"\" class=\"wp-image-3518\" srcset=\"https:\/\/broloten.se\/wp-content\/uploads\/2022\/09\/DSC_0346-1024x681.jpg 1024w, https:\/\/broloten.se\/wp-content\/uploads\/2022\/09\/DSC_0346-300x200.jpg 300w, https:\/\/broloten.se\/wp-content\/uploads\/2022\/09\/DSC_0346-768x511.jpg 768w, https:\/\/broloten.se\/wp-content\/uploads\/2022\/09\/DSC_0346-1536x1022.jpg 1536w, https:\/\/broloten.se\/wp-content\/uploads\/2022\/09\/DSC_0346-2048x1363.jpg 2048w\" sizes=\"auto, (max-width: 1024px) 100vw, 1024px\" \/><\/figure>\n<\/figure>\n\n\n\n<p class=\"has-text-align-left\"><strong>UTERIDBANA<\/strong><br>Stor och v\u00e4ldr\u00e4nerad med ett&nbsp;mycket bra ridunderlag och med en h\u00e4rlig sj\u00f6utsikt.<\/p>\n\n\n<div class=\"wp-block-image\">\n<figure class=\"aligncenter\"><img loading=\"lazy\" decoding=\"async\" width=\"1200\" height=\"720\" src=\"http:\/\/broloten.se\/wp-content\/uploads\/\/2021\/06\/Namnlos-design-2.jpg\" alt=\"\" class=\"wp-image-2871\" srcset=\"https:\/\/broloten.se\/wp-content\/uploads\/2021\/06\/Namnlos-design-2.jpg 1200w, https:\/\/broloten.se\/wp-content\/uploads\/2021\/06\/Namnlos-design-2-300x180.jpg 300w, https:\/\/broloten.se\/wp-content\/uploads\/2021\/06\/Namnlos-design-2-1024x614.jpg 1024w, https:\/\/broloten.se\/wp-content\/uploads\/2021\/06\/Namnlos-design-2-768x461.jpg 768w, https:\/\/broloten.se\/wp-content\/uploads\/2021\/06\/Namnlos-design-2-500x300.jpg 500w\" sizes=\"auto, (max-width: 1200px) 100vw, 1200px\" \/><\/figure>\n<\/div>\n\n\n<p class=\"has-text-align-left\"><strong>STALLAR<\/strong><br>Det finns&nbsp;ett&nbsp;30-tal&nbsp;moderna&nbsp;och&nbsp;rymliga&nbsp;boxar&nbsp;samt&nbsp;spolspilta med&nbsp;varmt&nbsp;&amp;&nbsp;kallt&nbsp;vatten.<br>Allt h\u00f6 &amp; h\u00f6silage \u00e4r egenproducerat.<\/p>\n\n\n\n<figure class=\"wp-block-image size-large\"><img loading=\"lazy\" decoding=\"async\" width=\"1024\" height=\"681\" src=\"http:\/\/broloten.se\/wp-content\/uploads\/\/2022\/09\/ridlager-barn-4-1-1024x681.jpg\" alt=\"\" class=\"wp-image-3523\" srcset=\"https:\/\/broloten.se\/wp-content\/uploads\/2022\/09\/ridlager-barn-4-1-1024x681.jpg 1024w, https:\/\/broloten.se\/wp-content\/uploads\/2022\/09\/ridlager-barn-4-1-300x200.jpg 300w, https:\/\/broloten.se\/wp-content\/uploads\/2022\/09\/ridlager-barn-4-1-768x511.jpg 768w, https:\/\/broloten.se\/wp-content\/uploads\/2022\/09\/ridlager-barn-4-1-1536x1022.jpg 1536w, https:\/\/broloten.se\/wp-content\/uploads\/2022\/09\/ridlager-barn-4-1-2048x1363.jpg 2048w\" sizes=\"auto, (max-width: 1024px) 100vw, 1024px\" \/><\/figure>\n\n\n\n<p class=\"has-text-align-left\"><strong>SKRITTMASKIN\u00a0<\/strong><br>Det finns en v\u00e4lanv\u00e4nd skrittmaskin med tak som anv\u00e4nds \u00e5ret om av s\u00e5v\u00e4l kurs- som t\u00e4vlingsh\u00e4star.<\/p>\n\n\n\n<figure class=\"wp-block-gallery aligncenter has-nested-images columns-default is-cropped wp-block-gallery-2 is-layout-flex wp-block-gallery-is-layout-flex\">\n<figure class=\"wp-block-image size-large\"><img loading=\"lazy\" decoding=\"async\" width=\"1024\" height=\"681\" data-id=\"3492\" src=\"http:\/\/broloten.se\/wp-content\/uploads\/\/2022\/09\/DSC_0259-1024x681.jpg\" alt=\"\" class=\"wp-image-3492\" srcset=\"https:\/\/broloten.se\/wp-content\/uploads\/2022\/09\/DSC_0259-1024x681.jpg 1024w, https:\/\/broloten.se\/wp-content\/uploads\/2022\/09\/DSC_0259-300x200.jpg 300w, https:\/\/broloten.se\/wp-content\/uploads\/2022\/09\/DSC_0259-768x511.jpg 768w, https:\/\/broloten.se\/wp-content\/uploads\/2022\/09\/DSC_0259-1536x1022.jpg 1536w, https:\/\/broloten.se\/wp-content\/uploads\/2022\/09\/DSC_0259-2048x1363.jpg 2048w\" sizes=\"auto, (max-width: 1024px) 100vw, 1024px\" \/><\/figure>\n<\/figure>\n\n\n\n<p class=\"has-text-align-left\"><strong>SOLARIUM<br><\/strong>Det finns ett solarium som anv\u00e4nds flitigt inf\u00f6r ridning och n\u00e4r h\u00e4starna beh\u00f6ver torkar snabbt.<\/p>\n\n\n<div class=\"wp-block-image\">\n<figure class=\"aligncenter\"><a href=\"http:\/\/broloten.se\/?attachment_id=2168\" rel=\"attachment wp-att-2168\"><img loading=\"lazy\" decoding=\"async\" width=\"683\" height=\"1024\" src=\"http:\/\/broloten.se\/wp-content\/uploads\/\/2018\/11\/IMG_7636-683x1024.jpg\" alt=\"\" class=\"wp-image-2168\" srcset=\"https:\/\/broloten.se\/wp-content\/uploads\/2018\/11\/IMG_7636-683x1024.jpg 683w, https:\/\/broloten.se\/wp-content\/uploads\/2018\/11\/IMG_7636-200x300.jpg 200w, https:\/\/broloten.se\/wp-content\/uploads\/2018\/11\/IMG_7636-768x1152.jpg 768w\" sizes=\"auto, (max-width: 683px) 100vw, 683px\" \/><\/a><\/figure>\n<\/div>\n\n\n<p class=\"has-text-align-left\"><strong>SADELKAMMARE<br><\/strong><span style=\"font-size: inherit;\">Det finns&nbsp;tre uppv\u00e4rmda sadelkammare.<\/span><strong><br><\/strong><\/p>\n\n\n\n<figure class=\"wp-block-gallery has-nested-images columns-default is-cropped wp-block-gallery-3 is-layout-flex wp-block-gallery-is-layout-flex\">\n<figure class=\"wp-block-image size-large\"><img loading=\"lazy\" decoding=\"async\" width=\"1024\" height=\"681\" data-id=\"1447\" src=\"http:\/\/broloten.se\/wp-content\/uploads\/\/2012\/12\/25a53c394de6e53d85e0717782fddd8b-1024x681.jpg\" alt=\"\" class=\"wp-image-1447\" srcset=\"https:\/\/broloten.se\/wp-content\/uploads\/2012\/12\/25a53c394de6e53d85e0717782fddd8b-1024x681.jpg 1024w, https:\/\/broloten.se\/wp-content\/uploads\/2012\/12\/25a53c394de6e53d85e0717782fddd8b-300x200.jpg 300w, https:\/\/broloten.se\/wp-content\/uploads\/2012\/12\/25a53c394de6e53d85e0717782fddd8b-451x300.jpg 451w, https:\/\/broloten.se\/wp-content\/uploads\/2012\/12\/25a53c394de6e53d85e0717782fddd8b.jpg 2000w\" sizes=\"auto, (max-width: 1024px) 100vw, 1024px\" \/><\/figure>\n\n\n\n<figure class=\"wp-block-image size-large\"><img loading=\"lazy\" decoding=\"async\" width=\"681\" height=\"1024\" data-id=\"1446\" src=\"http:\/\/broloten.se\/wp-content\/uploads\/\/2012\/12\/7bca877d9f641cd2d8ecf0613bd9902f-681x1024.jpg\" alt=\"\" class=\"wp-image-1446\" srcset=\"https:\/\/broloten.se\/wp-content\/uploads\/2012\/12\/7bca877d9f641cd2d8ecf0613bd9902f-681x1024.jpg 681w, https:\/\/broloten.se\/wp-content\/uploads\/2012\/12\/7bca877d9f641cd2d8ecf0613bd9902f-200x300.jpg 200w, https:\/\/broloten.se\/wp-content\/uploads\/2012\/12\/7bca877d9f641cd2d8ecf0613bd9902f.jpg 1331w\" sizes=\"auto, (max-width: 681px) 100vw, 681px\" \/><\/figure>\n\n\n\n<figure class=\"wp-block-image size-large\"><img loading=\"lazy\" decoding=\"async\" width=\"1024\" height=\"681\" data-id=\"1448\" src=\"http:\/\/broloten.se\/wp-content\/uploads\/\/2012\/12\/e5b64a92c4ef12ea51d464dff25a66d3-1024x681.jpg\" alt=\"\" class=\"wp-image-1448\" srcset=\"https:\/\/broloten.se\/wp-content\/uploads\/2012\/12\/e5b64a92c4ef12ea51d464dff25a66d3-1024x681.jpg 1024w, https:\/\/broloten.se\/wp-content\/uploads\/2012\/12\/e5b64a92c4ef12ea51d464dff25a66d3-300x200.jpg 300w, https:\/\/broloten.se\/wp-content\/uploads\/2012\/12\/e5b64a92c4ef12ea51d464dff25a66d3-451x300.jpg 451w, https:\/\/broloten.se\/wp-content\/uploads\/2012\/12\/e5b64a92c4ef12ea51d464dff25a66d3.jpg 2000w\" sizes=\"auto, (max-width: 1024px) 100vw, 1024px\" \/><\/figure>\n<\/figure>\n\n\n\n<figure class=\"wp-block-image size-large\"><img loading=\"lazy\" decoding=\"async\" width=\"1024\" height=\"681\" src=\"http:\/\/broloten.se\/wp-content\/uploads\/\/2022\/09\/sadelkammaren-detalj-1024x681.jpg\" alt=\"\" class=\"wp-image-3342\" srcset=\"https:\/\/broloten.se\/wp-content\/uploads\/2022\/09\/sadelkammaren-detalj-1024x681.jpg 1024w, https:\/\/broloten.se\/wp-content\/uploads\/2022\/09\/sadelkammaren-detalj-300x200.jpg 300w, https:\/\/broloten.se\/wp-content\/uploads\/2022\/09\/sadelkammaren-detalj-768x511.jpg 768w, https:\/\/broloten.se\/wp-content\/uploads\/2022\/09\/sadelkammaren-detalj-1536x1022.jpg 1536w, https:\/\/broloten.se\/wp-content\/uploads\/2022\/09\/sadelkammaren-detalj-2048x1363.jpg 2048w\" sizes=\"auto, (max-width: 1024px) 100vw, 1024px\" \/><figcaption>V\u00e4lkomna! <\/figcaption><\/figure>\n","protected":false},"excerpt":{"rendered":"<p>Brol\u00f6tens h\u00e4stsportanl\u00e4ggning \u00e4r komplett f\u00f6r olika h\u00e4stsportaktiviteter som t. ex., t\u00e4vling, tr\u00e4ning, kurser, utst\u00e4llningar,\u00a0clinics\u00a0osv. RIDHUSRidhuset har ridm\u00e5tten 20 * 60 meter, nylagt fiberunderlag med ljusa v\u00e4ggar. I ridhuset finns ocks\u00e5 fullst\u00e4ndig restaurang med pub&nbsp;samt&nbsp;ett&nbsp;antal&nbsp;dubbelrum&nbsp;och&nbsp;en&nbsp;avdelning&nbsp;f\u00f6r&nbsp;relax med bubbelpool. HAGARDet finns m\u00e5nga och stora beteshagar och flertalet paddockar f\u00f6r h\u00e4star uppstallade p\u00e5 Brol\u00f6ten. UTERIDBANAStor och v\u00e4ldr\u00e4nerad med ett&nbsp;mycket bra ridunderlag och med en h\u00e4rlig sj\u00f6utsikt. STALLARDet finns&nbsp;ett&nbsp;30-tal&nbsp;moderna&nbsp;och&nbsp;rymliga&nbsp;boxar&nbsp;samt&nbsp;spolspilta med&nbsp;varmt&nbsp;&amp;&nbsp;kallt&nbsp;vatten.Allt h\u00f6 &amp; h\u00f6silage \u00e4r egenproducerat. SKRITTMASKIN\u00a0Det finns en v\u00e4lanv\u00e4nd skrittmaskin med tak som anv\u00e4nds \u00e5ret om av s\u00e5v\u00e4l kurs- som t\u00e4vlingsh\u00e4star. SOLARIUMDet finns ett solarium som anv\u00e4nds flitigt inf\u00f6r ridning och n\u00e4r h\u00e4starna beh\u00f6ver torkar snabbt. SADELKAMMAREDet finns&nbsp;tre uppv\u00e4rmda sadelkammare.<\/p>\n","protected":false},"author":1,"featured_media":2908,"parent":0,"menu_order":0,"comment_status":"closed","ping_status":"closed","template":"","meta":{"footnotes":""},"class_list":["post-58","page","type-page","status-publish","has-post-thumbnail"],"_links":{"self":[{"href":"https:\/\/broloten.se\/index.php?rest_route=\/wp\/v2\/pages\/58","targetHints":{"allow":["GET"]}}],"collection":[{"href":"https:\/\/broloten.se\/index.php?rest_route=\/wp\/v2\/pages"}],"about":[{"href":"https:\/\/broloten.se\/index.php?rest_route=\/wp\/v2\/types\/page"}],"author":[{"embeddable":true,"href":"https:\/\/broloten.se\/index.php?rest_route=\/wp\/v2\/users\/1"}],"replies":[{"embeddable":true,"href":"https:\/\/broloten.se\/index.php?rest_route=%2Fwp%2Fv2%2Fcomments&post=58"}],"version-history":[{"count":44,"href":"https:\/\/broloten.se\/index.php?rest_route=\/wp\/v2\/pages\/58\/revisions"}],"predecessor-version":[{"id":3526,"href":"https:\/\/broloten.se\/index.php?rest_route=\/wp\/v2\/pages\/58\/revisions\/3526"}],"wp:featuredmedia":[{"embeddable":true,"href":"https:\/\/broloten.se\/index.php?rest_route=\/wp\/v2\/media\/2908"}],"wp:attachment":[{"href":"https:\/\/broloten.se\/index.php?rest_route=%2Fwp%2Fv2%2Fmedia&parent=58"}],"curies":[{"name":"wp","href":"https:\/\/api.w.org\/{rel}","templated":true}]}}