{"id":752,"date":"2013-12-29T13:33:58","date_gmt":"2013-12-29T12:33:58","guid":{"rendered":"http:\/\/www.broloten.se\/?page_id=752"},"modified":"2026-03-17T19:49:42","modified_gmt":"2026-03-17T18:49:42","slug":"ridlager","status":"publish","type":"page","link":"https:\/\/broloten.se\/?page_id=752","title":{"rendered":"Sommarridl\u00e4ger"},"content":{"rendered":"\n<p class=\"has-text-align-center\"><em>&#8221;Ridl\u00e4gret \u00e4r verkligen sommarens h\u00f6jdpunkt f\u00f6r mig, ett st\u00e4lle att skapa nya minnen, ha kul och utvecklas! Jag trivs j\u00e4ttebra p\u00e5 Brol\u00f6ten och det k\u00e4nns som ett extrahem och en trygg plats d\u00e4r jag kan vara mig sj\u00e4lv. Emelie \u00e4r en fantastisk person, tr\u00e4nare och f\u00f6rebild. Hon f\u00f6rklarar p\u00e5 ett s\u00e4tt som g\u00f6r det l\u00e4tt att f\u00f6rst\u00e5 och som ger resultat och utveckling snabbt! &#8221; &#8211; Svea<\/em><\/p>\n\n\n\n<div class=\"wp-block-buttons is-horizontal is-content-justification-center is-layout-flex wp-container-core-buttons-is-layout-499968f5 wp-block-buttons-is-layout-flex\">\n<div class=\"wp-block-button is-style-outline is-style-outline--1\"><a class=\"wp-block-button__link has-white-color has-text-color has-background wp-element-button\" href=\"http:\/\/broloten.se\/?page_id=942\" style=\"background-color:#000038\">Kursdatum<\/a><\/div>\n\n\n\n<div class=\"wp-block-button is-style-outline is-style-outline--2\"><a class=\"wp-block-button__link has-white-color has-text-color has-background wp-element-button\" href=\"http:\/\/broloten.se\/?page_id=522\" style=\"background-color:#000038\">Prislista<\/a><\/div>\n\n\n\n<div class=\"wp-block-button is-style-outline is-style-outline--3\"><a class=\"wp-block-button__link has-white-color has-text-color has-background wp-element-button\" href=\"https:\/\/www.turtle-pay.com\/\/broloten\" style=\"background-color:#000038\">Anm\u00e4l<\/a><\/div>\n\n\n\n<div class=\"wp-block-button is-style-outline is-style-outline--4\"><a class=\"wp-block-button__link has-white-color has-text-color has-background wp-element-button\" href=\"http:\/\/broloten.se\/wp-content\/uploads\/\/2025\/09\/Ridlager-schema.pdf\" style=\"background-color:#000038\">Hur ett ridl\u00e4ger kan se ut<\/a><\/div>\n<\/div>\n\n\n\n<div class=\"wp-block-buttons is-horizontal is-content-justification-center is-layout-flex wp-container-core-buttons-is-layout-499968f5 wp-block-buttons-is-layout-flex\">\n<div class=\"wp-block-button is-style-outline is-style-outline--5\"><a class=\"wp-block-button__link has-white-color has-text-color has-background wp-element-button\" href=\"http:\/\/broloten.se\/wp-content\/uploads\/\/2022\/06\/Basta-Kurselev-utan-egen-hast.pdf\" style=\"background-color:#000038\">Till dig som anm\u00e4lt utan egen h\u00e4st<\/a><\/div>\n\n\n\n<div class=\"wp-block-button is-style-outline is-style-outline--6\"><a class=\"wp-block-button__link has-white-color has-text-color has-background wp-element-button\" href=\"http:\/\/broloten.se\/wp-content\/uploads\/\/2022\/06\/Basta-Kurselev-med-egen-hast.pdf\" style=\"background-color:#000038\">Till dig som anm\u00e4lt med egen h\u00e4st<\/a><\/div>\n<\/div>\n\n\n<p>Brol\u00f6tens Ridl\u00e4ger etablerades 1971 och har sedan dess bes\u00f6kts av m\u00e5nga n\u00f6jda och glada ungdomar p\u00e5 alla niv\u00e5er. Vi vill utm\u00e4rka oss lite mot andra ridl\u00e4ger d\u00e5 vi fokuserar p\u00e5 dressyr och kvalit\u00e9, men det viktigaste av allt \u00e4r att ha roligt tillsammans med h\u00e4starna och tr\u00e4ffa nya v\u00e4nner.\u00a0 M\u00e5nga h\u00e4stintresserade ungdomar har genom \u00e5ren f\u00e5tt v\u00e4nner f\u00f6r livet hos oss!<\/p>\n<p>Vi v\u00e4nder oss till dig som vill ha utbildning med duktiga tr\u00e4nare, erfaren personal, fina ponnyer, h\u00e4rlig gemenskap och roliga aktiviteter. Emelie Brolin B-tr\u00e4nare \u00e4r ansvarig f\u00f6r Ridl\u00e4gret och vi har duktiga flera duktiga instrukt\u00f6rer som v\u00e5ra medhj\u00e4lpare. Vi vill erbjuda ett professionellt ridl\u00e4ger med mindre grupper och med h\u00f6g standard f\u00f6r b\u00e5de stora och sm\u00e5.\u00a0<\/p>\n<p><img loading=\"lazy\" decoding=\"async\" class=\"aligncenter  wp-image-3362\" src=\"http:\/\/broloten.se\/wp-content\/uploads\/\/2022\/09\/ridlager-barn-9-1024x681.jpg\" alt=\"\" width=\"483\" height=\"321\" srcset=\"https:\/\/broloten.se\/wp-content\/uploads\/2022\/09\/ridlager-barn-9-1024x681.jpg 1024w, https:\/\/broloten.se\/wp-content\/uploads\/2022\/09\/ridlager-barn-9-300x200.jpg 300w, https:\/\/broloten.se\/wp-content\/uploads\/2022\/09\/ridlager-barn-9-768x511.jpg 768w, https:\/\/broloten.se\/wp-content\/uploads\/2022\/09\/ridlager-barn-9-1536x1022.jpg 1536w, https:\/\/broloten.se\/wp-content\/uploads\/2022\/09\/ridlager-barn-9-2048x1363.jpg 2048w\" sizes=\"auto, (max-width: 483px) 100vw, 483px\" \/><\/p>\n<p>Ridl\u00e4gerna p\u00e5g\u00e5r i 5-7 dagar. Kursens \u00e4ndam\u00e5l \u00e4r att vidareutbilda med tyngdpunkt p\u00e5 dressyr men det f\u00f6rekommer \u00e4ven hoppning och uteritter. Deltagarna f\u00e5r rida och sk\u00f6ta samma h\u00e4star (f\u00f6rutsatt att de trivs med varandra) under hela perioden. De f\u00e5r k\u00e4nna hur det \u00e4r att ha egen h\u00e4st genom att tillsammans med ledarna ha ansvar f\u00f6r b\u00e5de h\u00e4st och dess utrustning.<\/p>\n<p><strong>Aktiviteter dagtid<\/strong><br \/>Dagarnas inneh\u00e5ll varierar fr\u00e5n dag till dag men varje dag \u00e4r det 1-2 pass ridning, en dressyrtr\u00e4ning och ett pass med ex. sitstr\u00e4ning, uteritt eller hoppning. Varje dag har vi \u00e4ven teori som kan vara b\u00e5de teoretisk och praktisk. Ex. longering, visa h\u00e4st vid hand, knoppning, foder, ridl\u00e4ra och mycket mer. Vi vill att du som elev ska utvecklas som ryttare under tiden du \u00e4r h\u00e4r.<\/p>\n<p><img loading=\"lazy\" decoding=\"async\" class=\"aligncenter size-large wp-image-3366\" src=\"http:\/\/broloten.se\/wp-content\/uploads\/\/2022\/09\/ridlager-header-1024x681.jpg\" alt=\"\" width=\"800\" height=\"532\" srcset=\"https:\/\/broloten.se\/wp-content\/uploads\/2022\/09\/ridlager-header-1024x681.jpg 1024w, https:\/\/broloten.se\/wp-content\/uploads\/2022\/09\/ridlager-header-300x200.jpg 300w, https:\/\/broloten.se\/wp-content\/uploads\/2022\/09\/ridlager-header-768x511.jpg 768w, https:\/\/broloten.se\/wp-content\/uploads\/2022\/09\/ridlager-header-1536x1022.jpg 1536w, https:\/\/broloten.se\/wp-content\/uploads\/2022\/09\/ridlager-header-2048x1363.jpg 2048w\" sizes=\"auto, (max-width: 800px) 100vw, 800px\" \/><br \/>P\u00e5 kv\u00e4llarna anordnas det olika aktiviteter s\u00e5 som br\u00e4nnboll, tipspromenad, sp\u00f6krundor mm. V\u00e5ra l\u00e4gerledare och har hand om kv\u00e4llsaktiviteterna samt i viss m\u00e5n den praktiska teorin och finns alltid till hands f\u00f6r l\u00e4gerdeltagarna.\u00a0<\/p>\n<p>Mellan ridning och teori finns det m\u00f6jlighet att bada vid v\u00e5r egna brygga vid sj\u00f6n B\u00e5ven, spana in n\u00e4r Emelie tr\u00e4nar sina t\u00e4vlingsh\u00e4star eller bara vila upp sig mellan passen.<\/p>\n<figure id=\"attachment_3368\" aria-describedby=\"caption-attachment-3368\" style=\"width: 800px\" class=\"wp-caption aligncenter\"><img loading=\"lazy\" decoding=\"async\" class=\"size-large wp-image-3368\" src=\"http:\/\/broloten.se\/wp-content\/uploads\/\/2022\/09\/Anlaggning-baven-1024x681.jpg\" alt=\"\" width=\"800\" height=\"532\" srcset=\"https:\/\/broloten.se\/wp-content\/uploads\/2022\/09\/Anlaggning-baven-1024x681.jpg 1024w, https:\/\/broloten.se\/wp-content\/uploads\/2022\/09\/Anlaggning-baven-300x200.jpg 300w, https:\/\/broloten.se\/wp-content\/uploads\/2022\/09\/Anlaggning-baven-768x511.jpg 768w, https:\/\/broloten.se\/wp-content\/uploads\/2022\/09\/Anlaggning-baven-1536x1022.jpg 1536w, https:\/\/broloten.se\/wp-content\/uploads\/2022\/09\/Anlaggning-baven-2048x1363.jpg 2048w\" sizes=\"auto, (max-width: 800px) 100vw, 800px\" \/><figcaption id=\"caption-attachment-3368\" class=\"wp-caption-text\">B\u00e5ven<\/figcaption><\/figure>\n<p><strong>Boende och mat<\/strong><br \/>Eleverna bor i mysiga, v\u00e4lordnade rum. Vi har allt fr\u00e5n enb\u00e4ddsrum till rum med sex b\u00e4ddar. I anslutning till rummen finns toaletter, dusch och bastu. \u00c4ven samlingsrum med tv. Rummen ligger med promenadavst\u00e5nd till bryggan i den vackra sj\u00f6n B\u00e5ven samt en uppskattad pool. I restaurangen serveras tre m\u00e5ltider varje dag: frukost, lunch samt middag med dessert. Maten tillagas av kokerska som b\u00e5de bakar och lagar v\u00e4llagad uppskattad mat. Under dagen bjuds dessutom p\u00e5 hembakt fika. K\u00f6k och matsal har utsikt \u00f6ver ridhusmanegen.<\/p>\n<p><img loading=\"lazy\" decoding=\"async\" class=\"aligncenter wp-image-2123 size-full\" src=\"http:\/\/broloten.se\/wp-content\/uploads\/\/2018\/11\/cropped-DSC_0350.jpg\" alt=\"\" width=\"1000\" height=\"281\" srcset=\"https:\/\/broloten.se\/wp-content\/uploads\/2018\/11\/cropped-DSC_0350.jpg 1000w, https:\/\/broloten.se\/wp-content\/uploads\/2018\/11\/cropped-DSC_0350-300x84.jpg 300w, https:\/\/broloten.se\/wp-content\/uploads\/2018\/11\/cropped-DSC_0350-768x216.jpg 768w, https:\/\/broloten.se\/wp-content\/uploads\/2018\/11\/cropped-DSC_0350-500x141.jpg 500w\" sizes=\"auto, (max-width: 1000px) 100vw, 1000px\" \/><\/p>\n<p><strong>Ridvana<\/strong><br \/>F\u00f6r att f\u00e5 delta p\u00e5 v\u00e5ra ridl\u00e4ger kr\u00e4vs ridvana p\u00e5 minst tv\u00e5 \u00e5r och fr\u00e5n \u00e5lder 9 \u00e5r och upp\u00e5t. F\u00f6rsta dagen p\u00e5 ridl\u00e4gret delas ni in i grupper efter vilka f\u00f6rkunskaper ni har som ryttare f\u00f6r att ridl\u00e4gret ska ge er s\u00e5 mycket som m\u00f6jligt. Vi delar in grupperna efter h\u00e4star och niv\u00e5 och v\u00e5r ambition \u00e4r att aldrig ha fler \u00e4n 7st i grupperna.<\/p>\n<p><strong>Egen h\u00e4st<\/strong><br \/>F\u00f6r dig som vill utvecklas tillsammans med din h\u00e4st g\u00e5r det utm\u00e4rkt att ta med den p\u00e5 ridl\u00e4gret. \u00a0H\u00e4starna f\u00e5r tillg\u00e5ng till hage, stallplats och de faciliteter som anl\u00e4ggningen har att erbjuda.\u00a0<\/p>\n<p><strong>Avslutning<\/strong><br \/>P\u00e5 avslutningsdagen \u00e4r f\u00f6r\u00e4ldrar och syskon v\u00e4lkomna p\u00e5 uppvisning, kaffe och t\u00e5rta. H\u00e4starna ryktas extra noga och piffas inf\u00f6r avslutningsnumret som planeras och f\u00f6rbereds under veckan.<\/p>\n\n\n<figure class=\"wp-block-gallery has-nested-images columns-default is-cropped wp-block-gallery-7 is-layout-flex wp-block-gallery-is-layout-flex\">\n<figure class=\"wp-block-image size-large\"><img loading=\"lazy\" decoding=\"async\" width=\"2560\" height=\"1703\" data-id=\"3364\" src=\"http:\/\/broloten.se\/wp-content\/uploads\/\/2022\/09\/ridlager-closeup-scaled.jpg\" alt=\"\" class=\"wp-image-3364\" srcset=\"https:\/\/broloten.se\/wp-content\/uploads\/2022\/09\/ridlager-closeup-scaled.jpg 2560w, https:\/\/broloten.se\/wp-content\/uploads\/2022\/09\/ridlager-closeup-300x200.jpg 300w, https:\/\/broloten.se\/wp-content\/uploads\/2022\/09\/ridlager-closeup-1024x681.jpg 1024w, https:\/\/broloten.se\/wp-content\/uploads\/2022\/09\/ridlager-closeup-768x511.jpg 768w, https:\/\/broloten.se\/wp-content\/uploads\/2022\/09\/ridlager-closeup-1536x1022.jpg 1536w, https:\/\/broloten.se\/wp-content\/uploads\/2022\/09\/ridlager-closeup-2048x1363.jpg 2048w\" sizes=\"auto, (max-width: 2560px) 100vw, 2560px\" \/><figcaption class=\"wp-element-caption\">Alla n\u00f6jda efter dagens f\u00f6rsta pass<\/figcaption><\/figure>\n\n\n\n<figure class=\"wp-block-image size-large\"><img loading=\"lazy\" decoding=\"async\" width=\"2560\" height=\"1703\" data-id=\"3345\" src=\"http:\/\/broloten.se\/wp-content\/uploads\/\/2022\/09\/uteritt-lager-scaled.jpg\" alt=\"\" class=\"wp-image-3345\" srcset=\"https:\/\/broloten.se\/wp-content\/uploads\/2022\/09\/uteritt-lager-scaled.jpg 2560w, https:\/\/broloten.se\/wp-content\/uploads\/2022\/09\/uteritt-lager-300x200.jpg 300w, https:\/\/broloten.se\/wp-content\/uploads\/2022\/09\/uteritt-lager-1024x681.jpg 1024w, https:\/\/broloten.se\/wp-content\/uploads\/2022\/09\/uteritt-lager-768x511.jpg 768w, https:\/\/broloten.se\/wp-content\/uploads\/2022\/09\/uteritt-lager-1536x1022.jpg 1536w, https:\/\/broloten.se\/wp-content\/uploads\/2022\/09\/uteritt-lager-2048x1363.jpg 2048w\" sizes=\"auto, (max-width: 2560px) 100vw, 2560px\" \/><figcaption class=\"wp-element-caption\">H\u00e4rlig utrett<\/figcaption><\/figure>\n\n\n\n<figure class=\"wp-block-image size-large\"><img loading=\"lazy\" decoding=\"async\" width=\"2560\" height=\"1703\" data-id=\"3361\" src=\"http:\/\/broloten.se\/wp-content\/uploads\/\/2022\/09\/ridlager-barn-4-scaled.jpg\" alt=\"\" class=\"wp-image-3361\" srcset=\"https:\/\/broloten.se\/wp-content\/uploads\/2022\/09\/ridlager-barn-4-scaled.jpg 2560w, https:\/\/broloten.se\/wp-content\/uploads\/2022\/09\/ridlager-barn-4-300x200.jpg 300w, https:\/\/broloten.se\/wp-content\/uploads\/2022\/09\/ridlager-barn-4-1024x681.jpg 1024w, https:\/\/broloten.se\/wp-content\/uploads\/2022\/09\/ridlager-barn-4-768x511.jpg 768w, https:\/\/broloten.se\/wp-content\/uploads\/2022\/09\/ridlager-barn-4-1536x1022.jpg 1536w, https:\/\/broloten.se\/wp-content\/uploads\/2022\/09\/ridlager-barn-4-2048x1363.jpg 2048w\" sizes=\"auto, (max-width: 2560px) 100vw, 2560px\" \/><figcaption class=\"wp-element-caption\">Redo f\u00f6r lektion<\/figcaption><\/figure>\n\n\n\n<figure class=\"wp-block-image size-large\"><img loading=\"lazy\" decoding=\"async\" width=\"1703\" height=\"2560\" data-id=\"3350\" src=\"http:\/\/broloten.se\/wp-content\/uploads\/\/2022\/09\/lekar-lager-1-scaled.jpg\" alt=\"\" class=\"wp-image-3350\" srcset=\"https:\/\/broloten.se\/wp-content\/uploads\/2022\/09\/lekar-lager-1-scaled.jpg 1703w, https:\/\/broloten.se\/wp-content\/uploads\/2022\/09\/lekar-lager-1-200x300.jpg 200w, https:\/\/broloten.se\/wp-content\/uploads\/2022\/09\/lekar-lager-1-681x1024.jpg 681w, https:\/\/broloten.se\/wp-content\/uploads\/2022\/09\/lekar-lager-1-768x1154.jpg 768w, https:\/\/broloten.se\/wp-content\/uploads\/2022\/09\/lekar-lager-1-1022x1536.jpg 1022w, https:\/\/broloten.se\/wp-content\/uploads\/2022\/09\/lekar-lager-1-1363x2048.jpg 1363w\" sizes=\"auto, (max-width: 1703px) 100vw, 1703px\" \/><figcaption class=\"wp-element-caption\">Br\u00e4nnboll<\/figcaption><\/figure>\n\n\n\n<figure class=\"wp-block-image size-large\"><img loading=\"lazy\" decoding=\"async\" width=\"2560\" height=\"1703\" data-id=\"3355\" src=\"http:\/\/broloten.se\/wp-content\/uploads\/\/2022\/09\/ridlager-10-scaled.jpg\" alt=\"\" class=\"wp-image-3355\" srcset=\"https:\/\/broloten.se\/wp-content\/uploads\/2022\/09\/ridlager-10-scaled.jpg 2560w, https:\/\/broloten.se\/wp-content\/uploads\/2022\/09\/ridlager-10-300x200.jpg 300w, https:\/\/broloten.se\/wp-content\/uploads\/2022\/09\/ridlager-10-1024x681.jpg 1024w, https:\/\/broloten.se\/wp-content\/uploads\/2022\/09\/ridlager-10-768x511.jpg 768w, https:\/\/broloten.se\/wp-content\/uploads\/2022\/09\/ridlager-10-1536x1022.jpg 1536w, https:\/\/broloten.se\/wp-content\/uploads\/2022\/09\/ridlager-10-2048x1363.jpg 2048w\" sizes=\"auto, (max-width: 2560px) 100vw, 2560px\" \/><figcaption class=\"wp-element-caption\">Full fart fram\u00e5t<\/figcaption><\/figure>\n\n\n\n<figure class=\"wp-block-image size-large\"><img loading=\"lazy\" decoding=\"async\" width=\"2560\" height=\"1703\" data-id=\"3363\" src=\"http:\/\/broloten.se\/wp-content\/uploads\/\/2022\/09\/ridlager-barn-scaled.jpg\" alt=\"\" class=\"wp-image-3363\" srcset=\"https:\/\/broloten.se\/wp-content\/uploads\/2022\/09\/ridlager-barn-scaled.jpg 2560w, https:\/\/broloten.se\/wp-content\/uploads\/2022\/09\/ridlager-barn-300x200.jpg 300w, https:\/\/broloten.se\/wp-content\/uploads\/2022\/09\/ridlager-barn-1024x681.jpg 1024w, https:\/\/broloten.se\/wp-content\/uploads\/2022\/09\/ridlager-barn-768x511.jpg 768w, https:\/\/broloten.se\/wp-content\/uploads\/2022\/09\/ridlager-barn-1536x1022.jpg 1536w, https:\/\/broloten.se\/wp-content\/uploads\/2022\/09\/ridlager-barn-2048x1363.jpg 2048w\" sizes=\"auto, (max-width: 2560px) 100vw, 2560px\" \/><figcaption class=\"wp-element-caption\">Ryktt\u00e4vling<\/figcaption><\/figure>\n<\/figure>\n","protected":false},"excerpt":{"rendered":"<p>&#8221;Ridl\u00e4gret \u00e4r verkligen sommarens h\u00f6jdpunkt f\u00f6r mig, ett st\u00e4lle att skapa nya minnen, ha kul och utvecklas! Jag trivs j\u00e4ttebra p\u00e5 Brol\u00f6ten och det k\u00e4nns som ett extrahem och en trygg plats d\u00e4r jag kan vara mig sj\u00e4lv. Emelie \u00e4r en fantastisk person, tr\u00e4nare och f\u00f6rebild. Hon f\u00f6rklarar p\u00e5 ett s\u00e4tt som g\u00f6r det l\u00e4tt att f\u00f6rst\u00e5 och som ger resultat och utveckling snabbt! &#8221; &#8211; Svea Brol\u00f6tens Ridl\u00e4ger etablerades 1971 och har sedan dess bes\u00f6kts av m\u00e5nga n\u00f6jda och glada ungdomar p\u00e5 alla niv\u00e5er. Vi vill utm\u00e4rka oss lite mot andra ridl\u00e4ger d\u00e5 vi fokuserar p\u00e5 dressyr och kvalit\u00e9, men det viktigaste av allt \u00e4r att ha roligt tillsammans med h\u00e4starna och tr\u00e4ffa nya v\u00e4nner.\u00a0 M\u00e5nga h\u00e4stintresserade ungdomar har genom \u00e5ren f\u00e5tt v\u00e4nner f\u00f6r livet hos oss! Vi v\u00e4nder oss till dig som vill ha utbildning med duktiga tr\u00e4nare, erfaren personal, fina ponnyer, h\u00e4rlig gemenskap och roliga aktiviteter. Emelie&hellip;<\/p>\n<p> <a class=\"more-link\" href=\"https:\/\/broloten.se\/?page_id=752\">L\u00e4s mer<\/a><\/p>\n","protected":false},"author":2,"featured_media":3365,"parent":0,"menu_order":0,"comment_status":"closed","ping_status":"closed","template":"","meta":{"footnotes":""},"class_list":["post-752","page","type-page","status-publish","has-post-thumbnail"],"_links":{"self":[{"href":"https:\/\/broloten.se\/index.php?rest_route=\/wp\/v2\/pages\/752","targetHints":{"allow":["GET"]}}],"collection":[{"href":"https:\/\/broloten.se\/index.php?rest_route=\/wp\/v2\/pages"}],"about":[{"href":"https:\/\/broloten.se\/index.php?rest_route=\/wp\/v2\/types\/page"}],"author":[{"embeddable":true,"href":"https:\/\/broloten.se\/index.php?rest_route=\/wp\/v2\/users\/2"}],"replies":[{"embeddable":true,"href":"https:\/\/broloten.se\/index.php?rest_route=%2Fwp%2Fv2%2Fcomments&post=752"}],"version-history":[{"count":137,"href":"https:\/\/broloten.se\/index.php?rest_route=\/wp\/v2\/pages\/752\/revisions"}],"predecessor-version":[{"id":3845,"href":"https:\/\/broloten.se\/index.php?rest_route=\/wp\/v2\/pages\/752\/revisions\/3845"}],"wp:featuredmedia":[{"embeddable":true,"href":"https:\/\/broloten.se\/index.php?rest_route=\/wp\/v2\/media\/3365"}],"wp:attachment":[{"href":"https:\/\/broloten.se\/index.php?rest_route=%2Fwp%2Fv2%2Fmedia&parent=752"}],"curies":[{"name":"wp","href":"https:\/\/api.w.org\/{rel}","templated":true}]}}