{"id":942,"date":"2014-04-16T19:39:22","date_gmt":"2014-04-16T18:39:22","guid":{"rendered":"http:\/\/www.broloten.se\/?page_id=942"},"modified":"2026-01-26T16:46:41","modified_gmt":"2026-01-26T15:46:41","slug":"kursdatum-2","status":"publish","type":"page","link":"https:\/\/broloten.se\/?page_id=942","title":{"rendered":"Kursdatum"},"content":{"rendered":"\n<div class=\"wp-block-columns is-layout-flex wp-container-core-columns-is-layout-9d6595d7 wp-block-columns-is-layout-flex\">\n<div class=\"wp-block-column is-layout-flow wp-block-column-is-layout-flow\">\n<div class=\"wp-block-buttons is-horizontal is-content-justification-center is-layout-flex wp-container-core-buttons-is-layout-499968f5 wp-block-buttons-is-layout-flex\">\n<div class=\"wp-block-button is-style-outline is-style-outline--1\"><a class=\"wp-block-button__link has-white-color has-text-color has-background wp-element-button\" href=\"http:\/\/broloten.se\/?page_id=522\" style=\"background-color:#000038\">Prislista<\/a><\/div>\n\n\n\n<div class=\"wp-block-button is-style-outline is-style-outline--2\"><a class=\"wp-block-button__link has-white-color has-text-color has-background wp-element-button\" href=\"https:\/\/www.turtle-pay.com\/\/broloten\" style=\"background-color:#000038\" target=\"_blank\" rel=\"noreferrer noopener\">Anm\u00e4l<\/a><\/div>\n<\/div>\n<\/div>\n<\/div>\n\n\n\n<div class=\"wp-block-columns is-layout-flex wp-container-core-columns-is-layout-9d6595d7 wp-block-columns-is-layout-flex\">\n<div class=\"wp-block-column has-black-color has-text-color is-layout-flow wp-block-column-is-layout-flow\">\n<p class=\"has-medium-font-size\"><strong><em>Weekendkurser (3 dagar)<\/em><\/strong><br><strong><mark style=\"background-color:rgba(0, 0, 0, 0);color:#535354\" class=\"has-inline-color\">2026<\/mark><\/strong><\/p>\n\n\n\n<p class=\"has-medium-font-size\"><strong>27\/3 &#8211; 29\/3<br>24\/4 &#8211; 26\/4<br>22\/5 &#8211; 24\/5<br>5\/6 &#8211; 7\/6<\/strong><\/p>\n<\/div>\n\n\n\n<div class=\"wp-block-column has-black-color has-text-color is-layout-flow wp-block-column-is-layout-flow\">\n<p class=\"has-medium-font-size\"><strong><em>Miniweekend<\/em><\/strong> <strong>(2 dagar)<\/strong><br><mark style=\"background-color:rgba(0, 0, 0, 0);color:#535354\" class=\"has-inline-color\"><strong>2025<\/strong><\/mark><\/p>\n\n\n\n<p class=\"has-medium-font-size\"><em>Inga planerade tillf\u00e4llen \u00e4nnu.<\/em> <\/p>\n\n\n\n<p class=\"has-medium-font-size\"><em>\u00c4r ni flera ryttare som vill komma en annan helg med eller utan egna h\u00e4star. <\/em><em>H\u00f6r av er om \u00f6nskat datum och uppl\u00e4gg.<\/em><\/p>\n\n\n\n<p><\/p>\n<\/div>\n\n\n\n<div class=\"wp-block-column has-black-color has-text-color is-layout-flow wp-block-column-is-layout-flow\">\n<p class=\"has-medium-font-size\"><strong><em>Sommarl\u00e4ger<\/em><\/strong><br><strong><mark style=\"background-color:rgba(0, 0, 0, 0);color:#535354\" class=\"has-inline-color\">2026<\/mark><\/strong><\/p>\n\n\n\n<p class=\"has-medium-font-size\"><strong>L\u00e4ger 1<\/strong> &#8211; 14\/6 &#8211; 20\/6, 7 dagar<\/p>\n\n\n\n<p class=\"has-medium-font-size\"><strong>Dagl\u00e4ger<\/strong> 23\/6 &#8211; 26\/6 <br><sub><\/sub>(yngre barn)<\/p>\n\n\n\n<p class=\"has-medium-font-size\"><strong>L\u00e4ger 2<\/strong> &#8211; 21\/6 &#8211; 26\/7, 6 dagar<\/p>\n\n\n\n<p class=\"has-medium-font-size\"><strong>L\u00e4ger 3<\/strong> &#8211; 28\/6 &#8211; 3\/7, 6 dagar<br>(avslutningsdagen 3\/7 \u00e4r Emelie inte n\u00e4rvarande pga stora t\u00e4vlingar i Falsterbo)<\/p>\n\n\n\n<p class=\"has-medium-font-size\"><strong>L\u00e4ger 4 <\/strong>&#8211; 13\/7 &#8211; 17\/7, 5 dagar<\/p>\n\n\n\n<p class=\"has-medium-font-size\"><strong>L\u00e4ger 5 <\/strong>&#8211; 19\/7 &#8211; 24\/7, 6 dagar<\/p>\n\n\n\n<p class=\"has-medium-font-size\"><strong>L\u00e4ger 6<\/strong> &#8211; 25\/7 &#8211; 30\/7, 6 dagar <\/p>\n<\/div>\n<\/div>\n\n\n\n<p><strong><mark style=\"background-color:rgba(0, 0, 0, 0)\" class=\"has-inline-color has-black-color\"><em>Anm\u00e4lningsavgift<\/em><\/mark><\/strong><em><mark style=\"background-color:rgba(0, 0, 0, 0)\" class=\"has-inline-color has-black-color\"> &#8211; Sommarl\u00e4ger<br>Anm\u00e4lningsavgiften \u00e4r 2 500kr och \u00e5terbetalas ej vid avbokning. Fakturan f\u00f6r betalning av resterande l\u00e4geravgift skickas senast en m\u00e5nad innan l\u00e4gerstart&nbsp;till e-postadressen som angetts vid bokning. Vid avbokning senare \u00e4n 1 m\u00e5nad f\u00f6re l\u00e4gerstart \u00e5terbetalas ingen del av l\u00e4geravgiften.<br><br>P\u00e5 Brol\u00f6ten ska kursdeltagare ha en egen olycksfallsf\u00f6rs\u00e4kring.<\/mark><mark style=\"background-color:rgba(0, 0, 0, 0);color:#535354\" class=\"has-inline-color\"><br><\/mark><br><mark style=\"background-color:rgba(0, 0, 0, 0)\" class=\"has-inline-color has-black-color\">Anm\u00e4lningsavgiften betalas mot 14 dagars kostnadsfri faktura med m\u00f6jlighet till delbetalning i upp till 12 m\u00e5nader.<\/mark><\/em><\/p>\n\n\n\n<p class=\"has-black-color has-text-color\">(<em>Vid f\u00e4rre \u00e4n 4 deltagare per tillf\u00e4lle bokas kursen om till ett annat datum som passar)<\/em><\/p>\n\n\n\n<p class=\"has-black-color has-text-color\">\u00c4r kursen du \u00e4r intresserad av fullbokad? Maila oss g\u00e4rna \u00e4nd\u00e5 det kan finans k\u00f6-lista eller hunnit \u00e4ndras p\u00e5 grund av avbokning &#8211; <a href=\"mailto:info@broloten.se\">info@broloten.se<\/a><\/p>\n\n\n\n<p class=\"has-black-color has-text-color\">P\u00e5 sommarkurserna f\u00f6rs\u00f6ker vi anpassa \u00e5lder efter kurserna, d\u00e4rf\u00f6r kan i beh\u00f6va kontakta er efter er anm\u00e4lan om kursen inte passar.<\/p>\n\n\n\n<p class=\"has-text-align-left has-black-color has-text-color\">Vi har vuxenkurser och ungdomskurser parallellt under sommaren, det brukar bli en bra avv\u00e4gning d\u00e5 de vuxna rider f\u00f6r sig och ungdomarna f\u00f6r sig. Samt har olika boende och aktiviteter. Maxantal vuxna p\u00e5 sommaren \u00e4r sex per kurs.<\/p>\n\n\n\n<figure class=\"wp-block-gallery has-nested-images columns-default is-cropped wp-block-gallery-3 is-layout-flex wp-block-gallery-is-layout-flex\">\n<figure class=\"wp-block-image size-large\"><img loading=\"lazy\" decoding=\"async\" width=\"1000\" height=\"288\" data-id=\"1584\" src=\"http:\/\/broloten.se\/wp-content\/uploads\/\/2015\/09\/4.png\" alt=\"\" class=\"wp-image-1584\" srcset=\"https:\/\/broloten.se\/wp-content\/uploads\/2015\/09\/4.png 1000w, https:\/\/broloten.se\/wp-content\/uploads\/2015\/09\/4-300x86.png 300w, https:\/\/broloten.se\/wp-content\/uploads\/2015\/09\/4-500x144.png 500w\" sizes=\"auto, (max-width: 1000px) 100vw, 1000px\" \/><\/figure>\n<\/figure>\n","protected":false},"excerpt":{"rendered":"<p>Weekendkurser (3 dagar)2026 27\/3 &#8211; 29\/324\/4 &#8211; 26\/422\/5 &#8211; 24\/55\/6 &#8211; 7\/6 Miniweekend (2 dagar)2025 Inga planerade tillf\u00e4llen \u00e4nnu. \u00c4r ni flera ryttare som vill komma en annan helg med eller utan egna h\u00e4star. H\u00f6r av er om \u00f6nskat datum och uppl\u00e4gg. Sommarl\u00e4ger2026 L\u00e4ger 1 &#8211; 14\/6 &#8211; 20\/6, 7 dagar Dagl\u00e4ger 23\/6 &#8211; 26\/6 (yngre barn) L\u00e4ger 2 &#8211; 21\/6 &#8211; 26\/7, 6 dagar L\u00e4ger 3 &#8211; 28\/6 &#8211; 3\/7, 6 dagar(avslutningsdagen 3\/7 \u00e4r Emelie inte n\u00e4rvarande pga stora t\u00e4vlingar i Falsterbo) L\u00e4ger 4 &#8211; 13\/7 &#8211; 17\/7, 5 dagar L\u00e4ger 5 &#8211; 19\/7 &#8211; 24\/7, 6 dagar L\u00e4ger 6 &#8211; 25\/7 &#8211; 30\/7, 6 dagar Anm\u00e4lningsavgift &#8211; Sommarl\u00e4gerAnm\u00e4lningsavgiften \u00e4r 2 500kr och \u00e5terbetalas ej vid avbokning. Fakturan f\u00f6r betalning av resterande l\u00e4geravgift skickas senast en m\u00e5nad innan l\u00e4gerstart&nbsp;till e-postadressen som angetts vid bokning. Vid avbokning senare \u00e4n 1 m\u00e5nad f\u00f6re l\u00e4gerstart \u00e5terbetalas ingen del av l\u00e4geravgiften. P\u00e5 Brol\u00f6ten&hellip;<\/p>\n<p> <a class=\"more-link\" href=\"https:\/\/broloten.se\/?page_id=942\">L\u00e4s mer<\/a><\/p>\n","protected":false},"author":2,"featured_media":3371,"parent":0,"menu_order":0,"comment_status":"closed","ping_status":"closed","template":"","meta":{"footnotes":""},"class_list":["post-942","page","type-page","status-publish","has-post-thumbnail"],"_links":{"self":[{"href":"https:\/\/broloten.se\/index.php?rest_route=\/wp\/v2\/pages\/942","targetHints":{"allow":["GET"]}}],"collection":[{"href":"https:\/\/broloten.se\/index.php?rest_route=\/wp\/v2\/pages"}],"about":[{"href":"https:\/\/broloten.se\/index.php?rest_route=\/wp\/v2\/types\/page"}],"author":[{"embeddable":true,"href":"https:\/\/broloten.se\/index.php?rest_route=\/wp\/v2\/users\/2"}],"replies":[{"embeddable":true,"href":"https:\/\/broloten.se\/index.php?rest_route=%2Fwp%2Fv2%2Fcomments&post=942"}],"version-history":[{"count":264,"href":"https:\/\/broloten.se\/index.php?rest_route=\/wp\/v2\/pages\/942\/revisions"}],"predecessor-version":[{"id":3836,"href":"https:\/\/broloten.se\/index.php?rest_route=\/wp\/v2\/pages\/942\/revisions\/3836"}],"wp:featuredmedia":[{"embeddable":true,"href":"https:\/\/broloten.se\/index.php?rest_route=\/wp\/v2\/media\/3371"}],"wp:attachment":[{"href":"https:\/\/broloten.se\/index.php?rest_route=%2Fwp%2Fv2%2Fmedia&parent=942"}],"curies":[{"name":"wp","href":"https:\/\/api.w.org\/{rel}","templated":true}]}}