{"id":956,"date":"2014-04-18T08:58:51","date_gmt":"2014-04-18T07:58:51","guid":{"rendered":"http:\/\/www.broloten.se\/?page_id=956"},"modified":"2021-04-04T21:01:57","modified_gmt":"2021-04-04T20:01:57","slug":"for-dig-som-anmalt-med-egen-hast","status":"publish","type":"page","link":"https:\/\/broloten.se\/?page_id=956","title":{"rendered":"F\u00f6r dig som anm\u00e4lt &#8211; med egen h\u00e4st"},"content":{"rendered":"<p style=\"text-align: center;\">Vi h\u00e4lsar dig hj\u00e4rtligt v\u00e4lkommen till kursen som b\u00f6rjar ca 15.00 p\u00e5 fredagen med gemensam fika. Du \u00e4r v\u00e4lkommen att infinna dig mellan kl. 14.00-15.00.<\/p>\n<p style=\"text-align: center;\">Brol\u00f6tens Dressyrcentrum ligger vid riksv\u00e4g 57 (J\u00e4rna-Katrineholm) mellan Stj\u00e4rnhov och Sparreholm, v\u00e4gbeskrivning finns <a href=\"http:\/\/broloten.se\/?page_id=510\">h\u00e4r<\/a>. Tjejerna som arbetar i stallet tar emot dig och visar vart din h\u00e4st ska st\u00e5.<\/p>\n<p style=\"text-align: center;\">&nbsp;Ni kommer att ha ett dressyrpass p\u00e5 fredagen och senare p\u00e5 kv\u00e4llen g\u00f6r vi tillsammans schema f\u00f6r l\u00f6rdagen. H\u00f6silage eller h\u00f6 + havre ing\u00e5r, \u00e4ter din h\u00e4st n\u00e5got annat ut\u00f6ver detta s\u00e5 tar ni med det sj\u00e4lva. H\u00e4starna st\u00e5r p\u00e5 halm, det finns ocks\u00e5 angivna rasthagar som ni har m\u00f6jlighet att anv\u00e4nda under helgen.<\/p>\n<p style=\"text-align: center;\">&nbsp;Medtag: Ridkl\u00e4der, ridhj\u00e4lm, ridst\u00f6vlar och ev. sporrar, sadel, tr\u00e4ns, benlindor\/skydd, foderp\u00e5sar och foderhinkar.<\/p>\n<p style=\"text-align: center;\">Ni sover i dubbelrum, om n\u00e5gon \u00f6nskar enkelrum s\u00e5 maila g\u00e4rna oss om det, medtag lakan och handduk och var god meddela eventuella allergier eller speciella \u00f6nskem\u00e5l om mat i god tid f\u00f6re ankomst.<\/p>\n<p style=\"text-align: center;\">Kursen avslutas p\u00e5 s\u00f6ndagen ca 15.00. Tveka inte att maila oss med eventuella fr\u00e5gor.<\/p>\n<p style=\"text-align: center;\"><strong><a href=\"http:\/\/broloten.se\/wp-content\/uploads\/\/2021\/03\/Weekendkurs-schema.pdf\">Hur kan en weekendkurs se ut \u2013 schema<\/a><\/strong><\/p>\n<p><img loading=\"lazy\" decoding=\"async\" class=\"aligncenter wp-image-1539 size-full\" src=\"http:\/\/broloten.se\/wp-content\/uploads\/\/2013\/12\/DSC1929.jpg\" alt=\"\" width=\"999\" height=\"667\" srcset=\"https:\/\/broloten.se\/wp-content\/uploads\/2013\/12\/DSC1929.jpg 999w, https:\/\/broloten.se\/wp-content\/uploads\/2013\/12\/DSC1929-300x200.jpg 300w, https:\/\/broloten.se\/wp-content\/uploads\/2013\/12\/DSC1929-449x300.jpg 449w\" sizes=\"auto, (max-width: 999px) 100vw, 999px\" \/><\/p>\n","protected":false},"excerpt":{"rendered":"<p>Vi h\u00e4lsar dig hj\u00e4rtligt v\u00e4lkommen till kursen som b\u00f6rjar ca 15.00 p\u00e5 fredagen med gemensam fika. Du \u00e4r v\u00e4lkommen att infinna dig mellan kl. 14.00-15.00. Brol\u00f6tens Dressyrcentrum ligger vid riksv\u00e4g 57 (J\u00e4rna-Katrineholm) mellan Stj\u00e4rnhov och Sparreholm, v\u00e4gbeskrivning finns h\u00e4r. Tjejerna som arbetar i stallet tar emot dig och visar vart din h\u00e4st ska st\u00e5. &nbsp;Ni kommer att ha ett dressyrpass p\u00e5 fredagen och senare p\u00e5 kv\u00e4llen g\u00f6r vi tillsammans schema f\u00f6r l\u00f6rdagen. H\u00f6silage eller h\u00f6 + havre ing\u00e5r, \u00e4ter din h\u00e4st n\u00e5got annat ut\u00f6ver detta s\u00e5 tar ni med det sj\u00e4lva. H\u00e4starna st\u00e5r p\u00e5 halm, det finns ocks\u00e5 angivna rasthagar som ni har m\u00f6jlighet att anv\u00e4nda under helgen. &nbsp;Medtag: Ridkl\u00e4der, ridhj\u00e4lm, ridst\u00f6vlar och ev. sporrar, sadel, tr\u00e4ns, benlindor\/skydd, foderp\u00e5sar och foderhinkar. Ni sover i dubbelrum, om n\u00e5gon \u00f6nskar enkelrum s\u00e5 maila g\u00e4rna oss om det, medtag lakan och handduk och var god meddela eventuella allergier eller speciella \u00f6nskem\u00e5l om mat&hellip;<\/p>\n<p> <a class=\"more-link\" href=\"https:\/\/broloten.se\/?page_id=956\">L\u00e4s mer<\/a><\/p>\n","protected":false},"author":2,"featured_media":0,"parent":0,"menu_order":0,"comment_status":"closed","ping_status":"closed","template":"","meta":{"footnotes":""},"class_list":["post-956","page","type-page","status-publish"],"_links":{"self":[{"href":"https:\/\/broloten.se\/index.php?rest_route=\/wp\/v2\/pages\/956","targetHints":{"allow":["GET"]}}],"collection":[{"href":"https:\/\/broloten.se\/index.php?rest_route=\/wp\/v2\/pages"}],"about":[{"href":"https:\/\/broloten.se\/index.php?rest_route=\/wp\/v2\/types\/page"}],"author":[{"embeddable":true,"href":"https:\/\/broloten.se\/index.php?rest_route=\/wp\/v2\/users\/2"}],"replies":[{"embeddable":true,"href":"https:\/\/broloten.se\/index.php?rest_route=%2Fwp%2Fv2%2Fcomments&post=956"}],"version-history":[{"count":8,"href":"https:\/\/broloten.se\/index.php?rest_route=\/wp\/v2\/pages\/956\/revisions"}],"predecessor-version":[{"id":2765,"href":"https:\/\/broloten.se\/index.php?rest_route=\/wp\/v2\/pages\/956\/revisions\/2765"}],"wp:attachment":[{"href":"https:\/\/broloten.se\/index.php?rest_route=%2Fwp%2Fv2%2Fmedia&parent=956"}],"curies":[{"name":"wp","href":"https:\/\/api.w.org\/{rel}","templated":true}]}}